{"id":903,"date":"2020-06-19T18:57:42","date_gmt":"2020-06-19T18:57:42","guid":{"rendered":"https:\/\/www.ggs-walheim.de\/?page_id=903"},"modified":"2020-11-02T15:45:56","modified_gmt":"2020-11-02T15:45:56","slug":"mittagsbetreuung-8-13-uhr","status":"publish","type":"page","link":"https:\/\/www.ggs-walheim.de\/index.php\/mittagsbetreuung-8-13-uhr\/","title":{"rendered":"Mittagsbetreuung 8 &#8211; 13 Uhr"},"content":{"rendered":"\n<p>An der GGS Walheim bieten wir neben der OGS auch eine Mittagsbetreuung an. Die Betreuung findet t\u00e4glich nach Unterrichtsschluss bis 13:10 Uhr statt. Bei Unterrichtsausfall, p\u00e4dagogischen Konferenzen, Lehrerausflug oder \u00e4hnlichen Anl\u00e4ssen findet eine Betreuung ab 8 Uhr statt. In den Ferien gibt es keine Betreuung.<\/p>\n\n\n\n<p>Tr\u00e4ger der Mittagsbetreuung ist die Katholische Pfarrgemeinde St. Anna Walheim.<\/p>\n\n\n\n<p>In der Betreuung hat Ihr Kind viele M\u00f6glichkeiten zum Spielen mit Freunden, ebenso laden R\u00fcckzugsm\u00f6glichkeiten zum Erholen ein. Mal- und Bastelmaterialien stehen f\u00fcr kreatives Arbeiten zur Verf\u00fcgung. Das freie Spielen mit anderen Kindern bietet viele M\u00f6glichkeiten zum sozialen Lernen. Auf dem Schulhof gibt es viele Gelegenheiten zum Toben, Klettern, Fu\u00dfballspielen und vielem mehr.<br>Die Hausaufgaben k\u00f6nnen in der Betreuung nicht gemacht werden, da in den Gruppenr\u00e4umen nicht die notwendige Ruhe herrscht.<\/p>\n\n\n\n<p><strong>FAQ<\/strong> &#8211; <strong>H\u00e4ufige Fragen zur Mittagsbetreuung (8:00 \u2013 13:10 Uhr)<\/strong><\/p>\n\n\n\n<p><strong>Wo findet die Betreuung statt?<\/strong><\/p>\n\n\n\n<p>Die Betreuung findet in den R\u00e4umen der OGS statt. Zus\u00e4tzlich kann das gesamte Schulgel\u00e4nde (Fu\u00dfballplatz, Schulgarten, Sandkasten, Tischtennis) genutzt werden.<\/p>\n\n\n\n<p><strong>Wie hoch sind die Kosten?<\/strong><\/p>\n\n\n\n<p>Der monatliche Beitrag betr\u00e4gt 50 \u20ac, Geschwisterkinder zahlen die H\u00e4lfte.<\/p>\n\n\n\n<p><strong>Gibt es in der Betreuung eine Verpflegung?<\/strong><\/p>\n\n\n\n<p>Ein Mittagessen gibt es in der Betreuung nicht. Gerne k\u00f6nnen Sie ihrem Kind aber einen Snack einpacken. F\u00fcr den kleinen Hunger haben wir immer etwas Kn\u00e4ckebrot da. Wasser steht Ihrem Kind w\u00e4hrend der Betreuungszeit zur Verf\u00fcgung.<\/p>\n\n\n\n<p><strong>Kann ich mein Kind an unterschiedlichen Tagen schicken?<\/strong><\/p>\n\n\n\n<p>Bei der Mittagsbetreuung gibt es keine Verpflichtung jeden Tag zu kommen.<\/p>\n\n\n\n<p><strong>Heute kommt mein Kind nicht in die Betreuung. Was muss ich tun?<\/strong><\/p>\n\n\n\n<p>Rufen Sie unter 02408 \u2013 958054 an und sprechen Sie auf den AB (wenn wir noch nicht da sein sollten) oder schreiben Sie eine Mail an\u00a0<a href=\"mailto:ogs@st-anna-walheim.de\">ogs@ggs-walheim.de<\/a>. Sie k\u00f6nnen Ihrem Kind auch eine Nachricht in sein Hausaufgabenheft schreiben, welches es uns vor dem Nachhausegehen zeigt.<\/p>\n\n\n\n<p><strong>Mein Kind m\u00f6chte von nun an nicht mehr von mir abgeholt werden, was ist mein n\u00e4chster Schritt?<\/strong><\/p>\n\n\n\n<p>Wenn Ihr Kind nicht mehr von Ihnen abgeholt wird, teilen Sie uns dies bitte schriftlich mit. Zum Beispiel: \u201eMein Kind\u2026\u2026geht von nun an um \u2026.Uhr alleine nach Hause\u201c. Bitte mit Ihrer Unterschrift und Datum versehen. Oder Sie f\u00fcllen den Abschnitt mit der Tabelle \u00fcber die Abholzeiten nochmals aus und geben ihn uns zur\u00fcck.<\/p>\n","protected":false},"excerpt":{"rendered":"<p>An der GGS Walheim bieten wir neben der OGS auch eine Mittagsbetreuung an. Die Betreuung findet t\u00e4glich nach Unterrichtsschluss bis 13:10 Uhr statt. Bei Unterrichtsausfall,&hellip;<\/p>\n","protected":false},"author":3,"featured_media":0,"parent":0,"menu_order":0,"comment_status":"closed","ping_status":"closed","template":"","meta":{"ngg_post_thumbnail":0,"_FSMCFIC_featured_image_caption":"","_FSMCFIC_featured_image_nocaption":"","_FSMCFIC_featured_image_hide":"","footnotes":""},"class_list":["post-903","page","type-page","status-publish","hentry"],"yoast_head":"<!-- This site is optimized with the Yoast SEO plugin v27.4 - https:\/\/yoast.com\/product\/yoast-seo-wordpress\/ -->\n<title>Mittagsbetreuung 8 - 13 Uhr - GGS Walheim<\/title>\n<meta name=\"robots\" content=\"index, follow, max-snippet:-1, max-image-preview:large, max-video-preview:-1\" \/>\n<link rel=\"canonical\" href=\"https:\/\/www.ggs-walheim.de\/index.php\/mittagsbetreuung-8-13-uhr\/\" \/>\n<meta property=\"og:locale\" content=\"de_DE\" \/>\n<meta property=\"og:type\" content=\"article\" \/>\n<meta property=\"og:title\" content=\"Mittagsbetreuung 8 - 13 Uhr - GGS Walheim\" \/>\n<meta property=\"og:description\" content=\"An der GGS Walheim bieten wir neben der OGS auch eine Mittagsbetreuung an. Die Betreuung findet t\u00e4glich nach Unterrichtsschluss bis 13:10 Uhr statt. Bei Unterrichtsausfall,&hellip;\" \/>\n<meta property=\"og:url\" content=\"https:\/\/www.ggs-walheim.de\/index.php\/mittagsbetreuung-8-13-uhr\/\" \/>\n<meta property=\"og:site_name\" content=\"GGS Walheim\" \/>\n<meta property=\"article:modified_time\" content=\"2020-11-02T15:45:56+00:00\" \/>\n<meta name=\"twitter:card\" content=\"summary_large_image\" \/>\n<meta name=\"twitter:label1\" content=\"Gesch\u00e4tzte Lesezeit\" \/>\n\t<meta name=\"twitter:data1\" content=\"2\u00a0Minuten\" \/>\n<script type=\"application\/ld+json\" class=\"yoast-schema-graph\">{\"@context\":\"https:\\\/\\\/schema.org\",\"@graph\":[{\"@type\":\"WebPage\",\"@id\":\"https:\\\/\\\/www.ggs-walheim.de\\\/index.php\\\/mittagsbetreuung-8-13-uhr\\\/\",\"url\":\"https:\\\/\\\/www.ggs-walheim.de\\\/index.php\\\/mittagsbetreuung-8-13-uhr\\\/\",\"name\":\"Mittagsbetreuung 8 - 13 Uhr - GGS Walheim\",\"isPartOf\":{\"@id\":\"https:\\\/\\\/www.ggs-walheim.de\\\/#website\"},\"datePublished\":\"2020-06-19T18:57:42+00:00\",\"dateModified\":\"2020-11-02T15:45:56+00:00\",\"breadcrumb\":{\"@id\":\"https:\\\/\\\/www.ggs-walheim.de\\\/index.php\\\/mittagsbetreuung-8-13-uhr\\\/#breadcrumb\"},\"inLanguage\":\"de\",\"potentialAction\":[{\"@type\":\"ReadAction\",\"target\":[\"https:\\\/\\\/www.ggs-walheim.de\\\/index.php\\\/mittagsbetreuung-8-13-uhr\\\/\"]}]},{\"@type\":\"BreadcrumbList\",\"@id\":\"https:\\\/\\\/www.ggs-walheim.de\\\/index.php\\\/mittagsbetreuung-8-13-uhr\\\/#breadcrumb\",\"itemListElement\":[{\"@type\":\"ListItem\",\"position\":1,\"name\":\"Startseite\",\"item\":\"https:\\\/\\\/www.ggs-walheim.de\\\/\"},{\"@type\":\"ListItem\",\"position\":2,\"name\":\"Mittagsbetreuung 8 &#8211; 13 Uhr\"}]},{\"@type\":\"WebSite\",\"@id\":\"https:\\\/\\\/www.ggs-walheim.de\\\/#website\",\"url\":\"https:\\\/\\\/www.ggs-walheim.de\\\/\",\"name\":\"GGS Walheim\",\"description\":\"Zu Hause im Aachener S\u00fcden\",\"publisher\":{\"@id\":\"https:\\\/\\\/www.ggs-walheim.de\\\/#organization\"},\"potentialAction\":[{\"@type\":\"SearchAction\",\"target\":{\"@type\":\"EntryPoint\",\"urlTemplate\":\"https:\\\/\\\/www.ggs-walheim.de\\\/?s={search_term_string}\"},\"query-input\":{\"@type\":\"PropertyValueSpecification\",\"valueRequired\":true,\"valueName\":\"search_term_string\"}}],\"inLanguage\":\"de\"},{\"@type\":\"Organization\",\"@id\":\"https:\\\/\\\/www.ggs-walheim.de\\\/#organization\",\"name\":\"St\u00e4dtische Gemeinschaftsgrundschule Walheim\",\"url\":\"https:\\\/\\\/www.ggs-walheim.de\\\/\",\"logo\":{\"@type\":\"ImageObject\",\"inLanguage\":\"de\",\"@id\":\"https:\\\/\\\/www.ggs-walheim.de\\\/#\\\/schema\\\/logo\\\/image\\\/\",\"url\":\"https:\\\/\\\/www.ggs-walheim.de\\\/wp-content\\\/uploads\\\/2020\\\/10\\\/logo-ggs.png\",\"contentUrl\":\"https:\\\/\\\/www.ggs-walheim.de\\\/wp-content\\\/uploads\\\/2020\\\/10\\\/logo-ggs.png\",\"width\":1363,\"height\":1363,\"caption\":\"St\u00e4dtische Gemeinschaftsgrundschule Walheim\"},\"image\":{\"@id\":\"https:\\\/\\\/www.ggs-walheim.de\\\/#\\\/schema\\\/logo\\\/image\\\/\"}}]}<\/script>\n<!-- \/ Yoast SEO plugin. -->","yoast_head_json":{"title":"Mittagsbetreuung 8 - 13 Uhr - GGS Walheim","robots":{"index":"index","follow":"follow","max-snippet":"max-snippet:-1","max-image-preview":"max-image-preview:large","max-video-preview":"max-video-preview:-1"},"canonical":"https:\/\/www.ggs-walheim.de\/index.php\/mittagsbetreuung-8-13-uhr\/","og_locale":"de_DE","og_type":"article","og_title":"Mittagsbetreuung 8 - 13 Uhr - GGS Walheim","og_description":"An der GGS Walheim bieten wir neben der OGS auch eine Mittagsbetreuung an. Die Betreuung findet t\u00e4glich nach Unterrichtsschluss bis 13:10 Uhr statt. Bei Unterrichtsausfall,&hellip;","og_url":"https:\/\/www.ggs-walheim.de\/index.php\/mittagsbetreuung-8-13-uhr\/","og_site_name":"GGS Walheim","article_modified_time":"2020-11-02T15:45:56+00:00","twitter_card":"summary_large_image","twitter_misc":{"Gesch\u00e4tzte Lesezeit":"2\u00a0Minuten"},"schema":{"@context":"https:\/\/schema.org","@graph":[{"@type":"WebPage","@id":"https:\/\/www.ggs-walheim.de\/index.php\/mittagsbetreuung-8-13-uhr\/","url":"https:\/\/www.ggs-walheim.de\/index.php\/mittagsbetreuung-8-13-uhr\/","name":"Mittagsbetreuung 8 - 13 Uhr - GGS Walheim","isPartOf":{"@id":"https:\/\/www.ggs-walheim.de\/#website"},"datePublished":"2020-06-19T18:57:42+00:00","dateModified":"2020-11-02T15:45:56+00:00","breadcrumb":{"@id":"https:\/\/www.ggs-walheim.de\/index.php\/mittagsbetreuung-8-13-uhr\/#breadcrumb"},"inLanguage":"de","potentialAction":[{"@type":"ReadAction","target":["https:\/\/www.ggs-walheim.de\/index.php\/mittagsbetreuung-8-13-uhr\/"]}]},{"@type":"BreadcrumbList","@id":"https:\/\/www.ggs-walheim.de\/index.php\/mittagsbetreuung-8-13-uhr\/#breadcrumb","itemListElement":[{"@type":"ListItem","position":1,"name":"Startseite","item":"https:\/\/www.ggs-walheim.de\/"},{"@type":"ListItem","position":2,"name":"Mittagsbetreuung 8 &#8211; 13 Uhr"}]},{"@type":"WebSite","@id":"https:\/\/www.ggs-walheim.de\/#website","url":"https:\/\/www.ggs-walheim.de\/","name":"GGS Walheim","description":"Zu Hause im Aachener S\u00fcden","publisher":{"@id":"https:\/\/www.ggs-walheim.de\/#organization"},"potentialAction":[{"@type":"SearchAction","target":{"@type":"EntryPoint","urlTemplate":"https:\/\/www.ggs-walheim.de\/?s={search_term_string}"},"query-input":{"@type":"PropertyValueSpecification","valueRequired":true,"valueName":"search_term_string"}}],"inLanguage":"de"},{"@type":"Organization","@id":"https:\/\/www.ggs-walheim.de\/#organization","name":"St\u00e4dtische Gemeinschaftsgrundschule Walheim","url":"https:\/\/www.ggs-walheim.de\/","logo":{"@type":"ImageObject","inLanguage":"de","@id":"https:\/\/www.ggs-walheim.de\/#\/schema\/logo\/image\/","url":"https:\/\/www.ggs-walheim.de\/wp-content\/uploads\/2020\/10\/logo-ggs.png","contentUrl":"https:\/\/www.ggs-walheim.de\/wp-content\/uploads\/2020\/10\/logo-ggs.png","width":1363,"height":1363,"caption":"St\u00e4dtische Gemeinschaftsgrundschule Walheim"},"image":{"@id":"https:\/\/www.ggs-walheim.de\/#\/schema\/logo\/image\/"}}]}},"_links":{"self":[{"href":"https:\/\/www.ggs-walheim.de\/index.php\/wp-json\/wp\/v2\/pages\/903","targetHints":{"allow":["GET"]}}],"collection":[{"href":"https:\/\/www.ggs-walheim.de\/index.php\/wp-json\/wp\/v2\/pages"}],"about":[{"href":"https:\/\/www.ggs-walheim.de\/index.php\/wp-json\/wp\/v2\/types\/page"}],"author":[{"embeddable":true,"href":"https:\/\/www.ggs-walheim.de\/index.php\/wp-json\/wp\/v2\/users\/3"}],"replies":[{"embeddable":true,"href":"https:\/\/www.ggs-walheim.de\/index.php\/wp-json\/wp\/v2\/comments?post=903"}],"version-history":[{"count":7,"href":"https:\/\/www.ggs-walheim.de\/index.php\/wp-json\/wp\/v2\/pages\/903\/revisions"}],"predecessor-version":[{"id":1123,"href":"https:\/\/www.ggs-walheim.de\/index.php\/wp-json\/wp\/v2\/pages\/903\/revisions\/1123"}],"wp:attachment":[{"href":"https:\/\/www.ggs-walheim.de\/index.php\/wp-json\/wp\/v2\/media?parent=903"}],"curies":[{"name":"wp","href":"https:\/\/api.w.org\/{rel}","templated":true}]}}