{"id":796,"date":"2020-06-08T10:44:06","date_gmt":"2020-06-08T10:44:06","guid":{"rendered":"https:\/\/www.ggs-walheim.de\/?page_id=796"},"modified":"2022-06-12T21:50:29","modified_gmt":"2022-06-12T19:50:29","slug":"faq-haeufige-fragen-zur-ogs","status":"publish","type":"page","link":"https:\/\/www.ggs-walheim.de\/index.php\/faq-haeufige-fragen-zur-ogs\/","title":{"rendered":"FAQ &#8211; H\u00e4ufige Fragen zur OGS"},"content":{"rendered":"\n<p><strong>Heute kommt mein Kind nicht in die OGS. Was muss ich tun?<\/strong><\/p>\n\n\n\n<p>Rufen Sie unter 02408 &#8211; 958054 an und sprechen Sie auf den AB (wenn wir noch nicht da sein sollten) oder schreiben Sie eine Mail an <a href=\"mailto:ogs@st-anna-walheim.de\">ogs@ggs-walheim.de<\/a>. Sie k\u00f6nnen Ihrem Kind auch eine Nachricht in sein Hausaufgabenheft schreiben, welches es uns vor dem Nachhausegehen zeigt.<\/p>\n\n\n\n<p><strong>Wie und wann w\u00e4hle ich Kurse?<\/strong><\/p>\n\n\n\n<p>Kurse werden jedes Halbjahr neu gew\u00e4hlt. Vor den Sommerferien und im Januar werden die Kurswahlzettel (per Mail und in Papierform an die Kinder) f\u00fcr die n\u00e4chste Kurswahl ausgeteilt. Dabei bitte dringend das Anschreiben und die Beschreibung der Kurse beachten. Innerhalb eines vorgegebenen Zeitraums m\u00fcssen die Kurswahlzettel zur\u00fcckgegeben werden, damit wir diese rechtzeitig auswerten k\u00f6nnen. Gerne kann es auch eingescannt und uns zugesendet werden.<\/p>\n\n\n\n<p><strong>Wann finden die Ferienspiele in der OGS statt?<\/strong><\/p>\n\n\n\n<p>Die Ferienspiele finden in den Oster- und Herbstferien in der ersten Woche und in den Sommerferien in den ersten beiden Wochen statt.<\/p>\n\n\n\n<p><strong>Wie melde ich mein Kind zu den Ferienspielen an?<\/strong><\/p>\n\n\n\n<p>Die Anmeldung zu den Ferienspielen wird ca.  6 Wochen vor den jeweiligen Ferien per Mail versendet. Sie ist erst verbindlich, wenn der Kostenbeitrag (Mittagessensgeld und in den Sommerferien Eintrittsgeld sowie Busgeld) plus schriftliche Anmeldung bei uns eingegangen ist. Sie erhalten eine Quittung.\u00a0<\/p>\n\n\n\n<p><strong>Wie ist der Tagesablauf meines Kindes?<\/strong><\/p>\n\n\n\n<p>Bitte schauen Sie unter dem Punkt <a href=\"https:\/\/www.ggs-walheim.de\/?page_id=823\">Tagesablauf <\/a>nach.<\/p>\n\n\n\n<p><strong>Wann kann ich mein Kind abholen?<\/strong><\/p>\n\n\n\n<p>Sie k\u00f6nnen Ihr Kind ab 15 Uhr abholen.<\/p>\n\n\n\n<p>Eine Magnetwand in jedem Gruppenraum gibt Ihnen eine Hilfestellung Ihr Kind zu finden. Falls Sie Ihr Kind nicht auf Anhieb finden sollten sprechen Sie eine OGS -Mitarbeiterin an. <\/p>\n\n\n\n<p><strong>Wann ist es ung\u00fcnstig mein Kind abzuholen?<\/strong><\/p>\n\n\n\n<p>Es ist sehr ung\u00fcnstig, wenn Sie ihr Kind aus den Hausaufgaben oder aus einem Kurs abholen, da die Lern- und Gruppenprozesse innerhalb dieser Zeit besonders gest\u00f6rt werden.<\/p>\n\n\n\n<p><strong>Was mache ich, wenn mein Kind einen Arzttermin innerhalb der OGS-Zeit hat?<\/strong><\/p>\n\n\n\n<p>Bitte versuchen Sie Arzttermine au\u00dferhalb der Kurszeiten ihres Kindes zu legen. Es ist f\u00fcr Ihr Kind sehr schade, wenn es an seinem gew\u00e4hlten Kurs nicht teilnehmen kann und viele Kurse bauen auch inhaltlich aufeinander auf. Wenn keine andere M\u00f6glichkeit besteht, sprechen oder schreiben Sie uns an, damit wir dem Kursleiter Bescheid geben k\u00f6nnen.<\/p>\n\n\n\n<p>Ist an diesem Tag kein Kurs, teilen Sie uns den Termin bitte mit, wenn sich dadurch der Tagesablauf oder die \u201eNach-Hause-Geh-Zeit\u201c ver\u00e4ndern sollte.<\/p>\n\n\n\n<p><strong>Mein Kind m\u00f6chte von nun an nicht mehr von mir abgeholt werden, was ist mein n\u00e4chster Schritt?<\/strong><\/p>\n\n\n\n<p>Wenn Ihr Kind nicht mehr von Ihnen abgeholt wird, teilen Sie uns dies bitte schriftlich mit. Zum Beispiel: &#8222;Mein Kind\u2026\u2026geht von nun an um \u2026.Uhr alleine nach Hause&#8220;. Bitte mit Ihrer Unterschrift und Datum versehen. Oder Sie f\u00fcllen den Abschnitt mit der Tabelle \u00fcber die Abholzeiten nochmals aus und geben ihn uns zur\u00fcck.<\/p>\n","protected":false},"excerpt":{"rendered":"<p>Heute kommt mein Kind nicht in die OGS. Was muss ich tun? Rufen Sie unter 02408 &#8211; 958054 an und sprechen Sie auf den AB&hellip;<\/p>\n","protected":false},"author":3,"featured_media":0,"parent":0,"menu_order":0,"comment_status":"closed","ping_status":"closed","template":"","meta":{"ngg_post_thumbnail":0,"_FSMCFIC_featured_image_caption":"","_FSMCFIC_featured_image_nocaption":"","_FSMCFIC_featured_image_hide":"","footnotes":""},"class_list":["post-796","page","type-page","status-publish","hentry"],"yoast_head":"<!-- This site is optimized with the Yoast SEO plugin v27.4 - https:\/\/yoast.com\/product\/yoast-seo-wordpress\/ -->\n<title>FAQ - H\u00e4ufige Fragen zur OGS - GGS Walheim<\/title>\n<meta name=\"robots\" content=\"index, follow, max-snippet:-1, max-image-preview:large, max-video-preview:-1\" \/>\n<link rel=\"canonical\" href=\"https:\/\/www.ggs-walheim.de\/index.php\/faq-haeufige-fragen-zur-ogs\/\" \/>\n<meta property=\"og:locale\" content=\"de_DE\" \/>\n<meta property=\"og:type\" content=\"article\" \/>\n<meta property=\"og:title\" content=\"FAQ - H\u00e4ufige Fragen zur OGS - GGS Walheim\" \/>\n<meta property=\"og:description\" content=\"Heute kommt mein Kind nicht in die OGS. Was muss ich tun? Rufen Sie unter 02408 &#8211; 958054 an und sprechen Sie auf den AB&hellip;\" \/>\n<meta property=\"og:url\" content=\"https:\/\/www.ggs-walheim.de\/index.php\/faq-haeufige-fragen-zur-ogs\/\" \/>\n<meta property=\"og:site_name\" content=\"GGS Walheim\" \/>\n<meta property=\"article:modified_time\" content=\"2022-06-12T19:50:29+00:00\" \/>\n<meta name=\"twitter:card\" content=\"summary_large_image\" \/>\n<meta name=\"twitter:label1\" content=\"Gesch\u00e4tzte Lesezeit\" \/>\n\t<meta name=\"twitter:data1\" content=\"3\u00a0Minuten\" \/>\n<script type=\"application\/ld+json\" class=\"yoast-schema-graph\">{\"@context\":\"https:\\\/\\\/schema.org\",\"@graph\":[{\"@type\":[\"WebPage\",\"FAQPage\"],\"@id\":\"https:\\\/\\\/www.ggs-walheim.de\\\/index.php\\\/faq-haeufige-fragen-zur-ogs\\\/\",\"url\":\"https:\\\/\\\/www.ggs-walheim.de\\\/index.php\\\/faq-haeufige-fragen-zur-ogs\\\/\",\"name\":\"FAQ - H\u00e4ufige Fragen zur OGS - GGS Walheim\",\"isPartOf\":{\"@id\":\"https:\\\/\\\/www.ggs-walheim.de\\\/#website\"},\"datePublished\":\"2020-06-08T10:44:06+00:00\",\"dateModified\":\"2022-06-12T19:50:29+00:00\",\"breadcrumb\":{\"@id\":\"https:\\\/\\\/www.ggs-walheim.de\\\/index.php\\\/faq-haeufige-fragen-zur-ogs\\\/#breadcrumb\"},\"inLanguage\":\"de\",\"potentialAction\":[{\"@type\":\"ReadAction\",\"target\":[\"https:\\\/\\\/www.ggs-walheim.de\\\/index.php\\\/faq-haeufige-fragen-zur-ogs\\\/\"]}]},{\"@type\":\"BreadcrumbList\",\"@id\":\"https:\\\/\\\/www.ggs-walheim.de\\\/index.php\\\/faq-haeufige-fragen-zur-ogs\\\/#breadcrumb\",\"itemListElement\":[{\"@type\":\"ListItem\",\"position\":1,\"name\":\"Startseite\",\"item\":\"https:\\\/\\\/www.ggs-walheim.de\\\/\"},{\"@type\":\"ListItem\",\"position\":2,\"name\":\"FAQ &#8211; H\u00e4ufige Fragen zur OGS\"}]},{\"@type\":\"WebSite\",\"@id\":\"https:\\\/\\\/www.ggs-walheim.de\\\/#website\",\"url\":\"https:\\\/\\\/www.ggs-walheim.de\\\/\",\"name\":\"GGS Walheim\",\"description\":\"Zu Hause im Aachener S\u00fcden\",\"publisher\":{\"@id\":\"https:\\\/\\\/www.ggs-walheim.de\\\/#organization\"},\"potentialAction\":[{\"@type\":\"SearchAction\",\"target\":{\"@type\":\"EntryPoint\",\"urlTemplate\":\"https:\\\/\\\/www.ggs-walheim.de\\\/?s={search_term_string}\"},\"query-input\":{\"@type\":\"PropertyValueSpecification\",\"valueRequired\":true,\"valueName\":\"search_term_string\"}}],\"inLanguage\":\"de\"},{\"@type\":\"Organization\",\"@id\":\"https:\\\/\\\/www.ggs-walheim.de\\\/#organization\",\"name\":\"St\u00e4dtische Gemeinschaftsgrundschule Walheim\",\"url\":\"https:\\\/\\\/www.ggs-walheim.de\\\/\",\"logo\":{\"@type\":\"ImageObject\",\"inLanguage\":\"de\",\"@id\":\"https:\\\/\\\/www.ggs-walheim.de\\\/#\\\/schema\\\/logo\\\/image\\\/\",\"url\":\"https:\\\/\\\/www.ggs-walheim.de\\\/wp-content\\\/uploads\\\/2020\\\/10\\\/logo-ggs.png\",\"contentUrl\":\"https:\\\/\\\/www.ggs-walheim.de\\\/wp-content\\\/uploads\\\/2020\\\/10\\\/logo-ggs.png\",\"width\":1363,\"height\":1363,\"caption\":\"St\u00e4dtische Gemeinschaftsgrundschule Walheim\"},\"image\":{\"@id\":\"https:\\\/\\\/www.ggs-walheim.de\\\/#\\\/schema\\\/logo\\\/image\\\/\"}}]}<\/script>\n<!-- \/ Yoast SEO plugin. -->","yoast_head_json":{"title":"FAQ - H\u00e4ufige Fragen zur OGS - GGS Walheim","robots":{"index":"index","follow":"follow","max-snippet":"max-snippet:-1","max-image-preview":"max-image-preview:large","max-video-preview":"max-video-preview:-1"},"canonical":"https:\/\/www.ggs-walheim.de\/index.php\/faq-haeufige-fragen-zur-ogs\/","og_locale":"de_DE","og_type":"article","og_title":"FAQ - H\u00e4ufige Fragen zur OGS - GGS Walheim","og_description":"Heute kommt mein Kind nicht in die OGS. Was muss ich tun? Rufen Sie unter 02408 &#8211; 958054 an und sprechen Sie auf den AB&hellip;","og_url":"https:\/\/www.ggs-walheim.de\/index.php\/faq-haeufige-fragen-zur-ogs\/","og_site_name":"GGS Walheim","article_modified_time":"2022-06-12T19:50:29+00:00","twitter_card":"summary_large_image","twitter_misc":{"Gesch\u00e4tzte Lesezeit":"3\u00a0Minuten"},"schema":{"@context":"https:\/\/schema.org","@graph":[{"@type":["WebPage","FAQPage"],"@id":"https:\/\/www.ggs-walheim.de\/index.php\/faq-haeufige-fragen-zur-ogs\/","url":"https:\/\/www.ggs-walheim.de\/index.php\/faq-haeufige-fragen-zur-ogs\/","name":"FAQ - H\u00e4ufige Fragen zur OGS - GGS Walheim","isPartOf":{"@id":"https:\/\/www.ggs-walheim.de\/#website"},"datePublished":"2020-06-08T10:44:06+00:00","dateModified":"2022-06-12T19:50:29+00:00","breadcrumb":{"@id":"https:\/\/www.ggs-walheim.de\/index.php\/faq-haeufige-fragen-zur-ogs\/#breadcrumb"},"inLanguage":"de","potentialAction":[{"@type":"ReadAction","target":["https:\/\/www.ggs-walheim.de\/index.php\/faq-haeufige-fragen-zur-ogs\/"]}]},{"@type":"BreadcrumbList","@id":"https:\/\/www.ggs-walheim.de\/index.php\/faq-haeufige-fragen-zur-ogs\/#breadcrumb","itemListElement":[{"@type":"ListItem","position":1,"name":"Startseite","item":"https:\/\/www.ggs-walheim.de\/"},{"@type":"ListItem","position":2,"name":"FAQ &#8211; H\u00e4ufige Fragen zur OGS"}]},{"@type":"WebSite","@id":"https:\/\/www.ggs-walheim.de\/#website","url":"https:\/\/www.ggs-walheim.de\/","name":"GGS Walheim","description":"Zu Hause im Aachener S\u00fcden","publisher":{"@id":"https:\/\/www.ggs-walheim.de\/#organization"},"potentialAction":[{"@type":"SearchAction","target":{"@type":"EntryPoint","urlTemplate":"https:\/\/www.ggs-walheim.de\/?s={search_term_string}"},"query-input":{"@type":"PropertyValueSpecification","valueRequired":true,"valueName":"search_term_string"}}],"inLanguage":"de"},{"@type":"Organization","@id":"https:\/\/www.ggs-walheim.de\/#organization","name":"St\u00e4dtische Gemeinschaftsgrundschule Walheim","url":"https:\/\/www.ggs-walheim.de\/","logo":{"@type":"ImageObject","inLanguage":"de","@id":"https:\/\/www.ggs-walheim.de\/#\/schema\/logo\/image\/","url":"https:\/\/www.ggs-walheim.de\/wp-content\/uploads\/2020\/10\/logo-ggs.png","contentUrl":"https:\/\/www.ggs-walheim.de\/wp-content\/uploads\/2020\/10\/logo-ggs.png","width":1363,"height":1363,"caption":"St\u00e4dtische Gemeinschaftsgrundschule Walheim"},"image":{"@id":"https:\/\/www.ggs-walheim.de\/#\/schema\/logo\/image\/"}}]}},"_links":{"self":[{"href":"https:\/\/www.ggs-walheim.de\/index.php\/wp-json\/wp\/v2\/pages\/796","targetHints":{"allow":["GET"]}}],"collection":[{"href":"https:\/\/www.ggs-walheim.de\/index.php\/wp-json\/wp\/v2\/pages"}],"about":[{"href":"https:\/\/www.ggs-walheim.de\/index.php\/wp-json\/wp\/v2\/types\/page"}],"author":[{"embeddable":true,"href":"https:\/\/www.ggs-walheim.de\/index.php\/wp-json\/wp\/v2\/users\/3"}],"replies":[{"embeddable":true,"href":"https:\/\/www.ggs-walheim.de\/index.php\/wp-json\/wp\/v2\/comments?post=796"}],"version-history":[{"count":15,"href":"https:\/\/www.ggs-walheim.de\/index.php\/wp-json\/wp\/v2\/pages\/796\/revisions"}],"predecessor-version":[{"id":2064,"href":"https:\/\/www.ggs-walheim.de\/index.php\/wp-json\/wp\/v2\/pages\/796\/revisions\/2064"}],"wp:attachment":[{"href":"https:\/\/www.ggs-walheim.de\/index.php\/wp-json\/wp\/v2\/media?parent=796"}],"curies":[{"name":"wp","href":"https:\/\/api.w.org\/{rel}","templated":true}]}}