{"id":737,"date":"2020-04-29T12:54:29","date_gmt":"2020-04-29T12:54:29","guid":{"rendered":"https:\/\/www.ggs-walheim.de\/?page_id=737"},"modified":"2020-06-19T19:41:32","modified_gmt":"2020-06-19T19:41:32","slug":"sportstaetten","status":"publish","type":"page","link":"https:\/\/www.ggs-walheim.de\/index.php\/sportstaetten\/","title":{"rendered":"Sport"},"content":{"rendered":"\n<p><\/p>\n\n\n\n<figure class=\"wp-block-image size-large\"><img loading=\"lazy\" decoding=\"async\" width=\"990\" height=\"660\" src=\"https:\/\/www.ggs-walheim.de\/wp-content\/uploads\/2020\/04\/turnhalle.jpg\" alt=\"\" class=\"wp-image-757\" srcset=\"https:\/\/www.ggs-walheim.de\/wp-content\/uploads\/2020\/04\/turnhalle.jpg 990w, https:\/\/www.ggs-walheim.de\/wp-content\/uploads\/2020\/04\/turnhalle-300x200.jpg 300w, https:\/\/www.ggs-walheim.de\/wp-content\/uploads\/2020\/04\/turnhalle-391x260.jpg 391w, https:\/\/www.ggs-walheim.de\/wp-content\/uploads\/2020\/04\/turnhalle-800x533.jpg 800w\" sizes=\"auto, (max-width: 990px) 100vw, 990px\" \/><\/figure>\n\n\n\n<p>Wir genie\u00dfen das Privileg, direkt auf dem Schulgel\u00e4nde eine Turnhalle zu haben. Diese direkte Lage erlaubt es uns, auch mal spontan in die Turnhalle zu gehen, sofern sie nicht durch die Kitas, die diese ebenfalls morgens mitnutzen, belegt ist. Die Ausstattung der Halle l\u00e4sst keine W\u00fcnsche offen: Basketballk\u00f6rbe in unterschiedlichen H\u00f6hen, Taue, Sprossenw\u00e4nde, K\u00e4sten, Langb\u00e4nke, B\u00f6cke, Weichbodenmatten, unz\u00e4hlige B\u00e4lle usw.<br>Besonders beliebt sind bei den Kindern die Tage, an denen wir \u00fcber den gesamten Vormittagsbereich eine Bewegungslandschaft aufbauen, die klassenweise durchlaufen werden kann.<br>Im Nachmittag- und Abendbereich wird die Halle von den ans\u00e4ssigen Sportvereinen, wie den Ringern von TV Eintracht 1909 Aachen-Walheim e.V., genutzt.<\/p>\n\n\n\n<figure class=\"wp-block-image size-large\"><img loading=\"lazy\" decoding=\"async\" width=\"990\" height=\"660\" src=\"https:\/\/www.ggs-walheim.de\/wp-content\/uploads\/2020\/04\/schwimm.jpg\" alt=\"\" class=\"wp-image-758\" srcset=\"https:\/\/www.ggs-walheim.de\/wp-content\/uploads\/2020\/04\/schwimm.jpg 990w, https:\/\/www.ggs-walheim.de\/wp-content\/uploads\/2020\/04\/schwimm-300x200.jpg 300w, https:\/\/www.ggs-walheim.de\/wp-content\/uploads\/2020\/04\/schwimm-391x260.jpg 391w, https:\/\/www.ggs-walheim.de\/wp-content\/uploads\/2020\/04\/schwimm-800x533.jpg 800w\" sizes=\"auto, (max-width: 990px) 100vw, 990px\" \/><\/figure>\n\n\n\n<p>Im Gegensatz zu vielen anderen Schulen, verf\u00fcgen wir aber nicht nur \u00fcber eine eigene Sporthalle, sondern auch \u00fcber ein eigenes Lehrschwimmbecken, das auch von den Kitas und anderen Grundschulen aus der N\u00e4he genutzt wird. Somit k\u00f6nnen wir direkt vor Ort bereits ab dem 1. Schuljahr  Schwimmunterricht anbieten und m\u00fcssen nicht mit dem Bus zu au\u00dferhalb gelegenen Schwimmb\u00e4dern fahren. Unsere 4. Schuljahre fahren w\u00f6chentlich mit dem Bus in die Schwimmhalle Brand.<\/p>\n","protected":false},"excerpt":{"rendered":"<p>Wir genie\u00dfen das Privileg, direkt auf dem Schulgel\u00e4nde eine Turnhalle zu haben. Diese direkte Lage erlaubt es uns, auch mal spontan in die Turnhalle zu&hellip;<\/p>\n","protected":false},"author":1,"featured_media":0,"parent":0,"menu_order":0,"comment_status":"closed","ping_status":"closed","template":"","meta":{"ngg_post_thumbnail":0,"_FSMCFIC_featured_image_caption":"","_FSMCFIC_featured_image_nocaption":"","_FSMCFIC_featured_image_hide":"","footnotes":""},"class_list":["post-737","page","type-page","status-publish","hentry"],"yoast_head":"<!-- This site is optimized with the Yoast SEO plugin v27.4 - https:\/\/yoast.com\/product\/yoast-seo-wordpress\/ -->\n<title>Sport - GGS Walheim<\/title>\n<meta name=\"robots\" content=\"index, follow, max-snippet:-1, max-image-preview:large, max-video-preview:-1\" \/>\n<link rel=\"canonical\" href=\"https:\/\/www.ggs-walheim.de\/index.php\/sportstaetten\/\" \/>\n<meta property=\"og:locale\" content=\"de_DE\" \/>\n<meta property=\"og:type\" content=\"article\" \/>\n<meta property=\"og:title\" content=\"Sport - GGS Walheim\" \/>\n<meta property=\"og:description\" content=\"Wir genie\u00dfen das Privileg, direkt auf dem Schulgel\u00e4nde eine Turnhalle zu haben. Diese direkte Lage erlaubt es uns, auch mal spontan in die Turnhalle zu&hellip;\" \/>\n<meta property=\"og:url\" content=\"https:\/\/www.ggs-walheim.de\/index.php\/sportstaetten\/\" \/>\n<meta property=\"og:site_name\" content=\"GGS Walheim\" \/>\n<meta property=\"article:modified_time\" content=\"2020-06-19T19:41:32+00:00\" \/>\n<meta property=\"og:image\" content=\"https:\/\/www.ggs-walheim.de\/wp-content\/uploads\/2020\/04\/turnhalle.jpg\" \/>\n<meta name=\"twitter:card\" content=\"summary_large_image\" \/>\n<meta name=\"twitter:label1\" content=\"Gesch\u00e4tzte Lesezeit\" \/>\n\t<meta name=\"twitter:data1\" content=\"1\u00a0Minute\" \/>\n<script type=\"application\/ld+json\" class=\"yoast-schema-graph\">{\"@context\":\"https:\\\/\\\/schema.org\",\"@graph\":[{\"@type\":\"WebPage\",\"@id\":\"https:\\\/\\\/www.ggs-walheim.de\\\/index.php\\\/sportstaetten\\\/\",\"url\":\"https:\\\/\\\/www.ggs-walheim.de\\\/index.php\\\/sportstaetten\\\/\",\"name\":\"Sport - GGS Walheim\",\"isPartOf\":{\"@id\":\"https:\\\/\\\/www.ggs-walheim.de\\\/#website\"},\"primaryImageOfPage\":{\"@id\":\"https:\\\/\\\/www.ggs-walheim.de\\\/index.php\\\/sportstaetten\\\/#primaryimage\"},\"image\":{\"@id\":\"https:\\\/\\\/www.ggs-walheim.de\\\/index.php\\\/sportstaetten\\\/#primaryimage\"},\"thumbnailUrl\":\"https:\\\/\\\/www.ggs-walheim.de\\\/wp-content\\\/uploads\\\/2020\\\/04\\\/turnhalle.jpg\",\"datePublished\":\"2020-04-29T12:54:29+00:00\",\"dateModified\":\"2020-06-19T19:41:32+00:00\",\"breadcrumb\":{\"@id\":\"https:\\\/\\\/www.ggs-walheim.de\\\/index.php\\\/sportstaetten\\\/#breadcrumb\"},\"inLanguage\":\"de\",\"potentialAction\":[{\"@type\":\"ReadAction\",\"target\":[\"https:\\\/\\\/www.ggs-walheim.de\\\/index.php\\\/sportstaetten\\\/\"]}]},{\"@type\":\"ImageObject\",\"inLanguage\":\"de\",\"@id\":\"https:\\\/\\\/www.ggs-walheim.de\\\/index.php\\\/sportstaetten\\\/#primaryimage\",\"url\":\"https:\\\/\\\/www.ggs-walheim.de\\\/wp-content\\\/uploads\\\/2020\\\/04\\\/turnhalle.jpg\",\"contentUrl\":\"https:\\\/\\\/www.ggs-walheim.de\\\/wp-content\\\/uploads\\\/2020\\\/04\\\/turnhalle.jpg\"},{\"@type\":\"BreadcrumbList\",\"@id\":\"https:\\\/\\\/www.ggs-walheim.de\\\/index.php\\\/sportstaetten\\\/#breadcrumb\",\"itemListElement\":[{\"@type\":\"ListItem\",\"position\":1,\"name\":\"Startseite\",\"item\":\"https:\\\/\\\/www.ggs-walheim.de\\\/\"},{\"@type\":\"ListItem\",\"position\":2,\"name\":\"Sport\"}]},{\"@type\":\"WebSite\",\"@id\":\"https:\\\/\\\/www.ggs-walheim.de\\\/#website\",\"url\":\"https:\\\/\\\/www.ggs-walheim.de\\\/\",\"name\":\"GGS Walheim\",\"description\":\"Zu Hause im Aachener S\u00fcden\",\"publisher\":{\"@id\":\"https:\\\/\\\/www.ggs-walheim.de\\\/#organization\"},\"potentialAction\":[{\"@type\":\"SearchAction\",\"target\":{\"@type\":\"EntryPoint\",\"urlTemplate\":\"https:\\\/\\\/www.ggs-walheim.de\\\/?s={search_term_string}\"},\"query-input\":{\"@type\":\"PropertyValueSpecification\",\"valueRequired\":true,\"valueName\":\"search_term_string\"}}],\"inLanguage\":\"de\"},{\"@type\":\"Organization\",\"@id\":\"https:\\\/\\\/www.ggs-walheim.de\\\/#organization\",\"name\":\"St\u00e4dtische Gemeinschaftsgrundschule Walheim\",\"url\":\"https:\\\/\\\/www.ggs-walheim.de\\\/\",\"logo\":{\"@type\":\"ImageObject\",\"inLanguage\":\"de\",\"@id\":\"https:\\\/\\\/www.ggs-walheim.de\\\/#\\\/schema\\\/logo\\\/image\\\/\",\"url\":\"https:\\\/\\\/www.ggs-walheim.de\\\/wp-content\\\/uploads\\\/2020\\\/10\\\/logo-ggs.png\",\"contentUrl\":\"https:\\\/\\\/www.ggs-walheim.de\\\/wp-content\\\/uploads\\\/2020\\\/10\\\/logo-ggs.png\",\"width\":1363,\"height\":1363,\"caption\":\"St\u00e4dtische Gemeinschaftsgrundschule Walheim\"},\"image\":{\"@id\":\"https:\\\/\\\/www.ggs-walheim.de\\\/#\\\/schema\\\/logo\\\/image\\\/\"}}]}<\/script>\n<!-- \/ Yoast SEO plugin. -->","yoast_head_json":{"title":"Sport - GGS Walheim","robots":{"index":"index","follow":"follow","max-snippet":"max-snippet:-1","max-image-preview":"max-image-preview:large","max-video-preview":"max-video-preview:-1"},"canonical":"https:\/\/www.ggs-walheim.de\/index.php\/sportstaetten\/","og_locale":"de_DE","og_type":"article","og_title":"Sport - GGS Walheim","og_description":"Wir genie\u00dfen das Privileg, direkt auf dem Schulgel\u00e4nde eine Turnhalle zu haben. Diese direkte Lage erlaubt es uns, auch mal spontan in die Turnhalle zu&hellip;","og_url":"https:\/\/www.ggs-walheim.de\/index.php\/sportstaetten\/","og_site_name":"GGS Walheim","article_modified_time":"2020-06-19T19:41:32+00:00","og_image":[{"url":"https:\/\/www.ggs-walheim.de\/wp-content\/uploads\/2020\/04\/turnhalle.jpg","type":"","width":"","height":""}],"twitter_card":"summary_large_image","twitter_misc":{"Gesch\u00e4tzte Lesezeit":"1\u00a0Minute"},"schema":{"@context":"https:\/\/schema.org","@graph":[{"@type":"WebPage","@id":"https:\/\/www.ggs-walheim.de\/index.php\/sportstaetten\/","url":"https:\/\/www.ggs-walheim.de\/index.php\/sportstaetten\/","name":"Sport - GGS Walheim","isPartOf":{"@id":"https:\/\/www.ggs-walheim.de\/#website"},"primaryImageOfPage":{"@id":"https:\/\/www.ggs-walheim.de\/index.php\/sportstaetten\/#primaryimage"},"image":{"@id":"https:\/\/www.ggs-walheim.de\/index.php\/sportstaetten\/#primaryimage"},"thumbnailUrl":"https:\/\/www.ggs-walheim.de\/wp-content\/uploads\/2020\/04\/turnhalle.jpg","datePublished":"2020-04-29T12:54:29+00:00","dateModified":"2020-06-19T19:41:32+00:00","breadcrumb":{"@id":"https:\/\/www.ggs-walheim.de\/index.php\/sportstaetten\/#breadcrumb"},"inLanguage":"de","potentialAction":[{"@type":"ReadAction","target":["https:\/\/www.ggs-walheim.de\/index.php\/sportstaetten\/"]}]},{"@type":"ImageObject","inLanguage":"de","@id":"https:\/\/www.ggs-walheim.de\/index.php\/sportstaetten\/#primaryimage","url":"https:\/\/www.ggs-walheim.de\/wp-content\/uploads\/2020\/04\/turnhalle.jpg","contentUrl":"https:\/\/www.ggs-walheim.de\/wp-content\/uploads\/2020\/04\/turnhalle.jpg"},{"@type":"BreadcrumbList","@id":"https:\/\/www.ggs-walheim.de\/index.php\/sportstaetten\/#breadcrumb","itemListElement":[{"@type":"ListItem","position":1,"name":"Startseite","item":"https:\/\/www.ggs-walheim.de\/"},{"@type":"ListItem","position":2,"name":"Sport"}]},{"@type":"WebSite","@id":"https:\/\/www.ggs-walheim.de\/#website","url":"https:\/\/www.ggs-walheim.de\/","name":"GGS Walheim","description":"Zu Hause im Aachener S\u00fcden","publisher":{"@id":"https:\/\/www.ggs-walheim.de\/#organization"},"potentialAction":[{"@type":"SearchAction","target":{"@type":"EntryPoint","urlTemplate":"https:\/\/www.ggs-walheim.de\/?s={search_term_string}"},"query-input":{"@type":"PropertyValueSpecification","valueRequired":true,"valueName":"search_term_string"}}],"inLanguage":"de"},{"@type":"Organization","@id":"https:\/\/www.ggs-walheim.de\/#organization","name":"St\u00e4dtische Gemeinschaftsgrundschule Walheim","url":"https:\/\/www.ggs-walheim.de\/","logo":{"@type":"ImageObject","inLanguage":"de","@id":"https:\/\/www.ggs-walheim.de\/#\/schema\/logo\/image\/","url":"https:\/\/www.ggs-walheim.de\/wp-content\/uploads\/2020\/10\/logo-ggs.png","contentUrl":"https:\/\/www.ggs-walheim.de\/wp-content\/uploads\/2020\/10\/logo-ggs.png","width":1363,"height":1363,"caption":"St\u00e4dtische Gemeinschaftsgrundschule Walheim"},"image":{"@id":"https:\/\/www.ggs-walheim.de\/#\/schema\/logo\/image\/"}}]}},"_links":{"self":[{"href":"https:\/\/www.ggs-walheim.de\/index.php\/wp-json\/wp\/v2\/pages\/737","targetHints":{"allow":["GET"]}}],"collection":[{"href":"https:\/\/www.ggs-walheim.de\/index.php\/wp-json\/wp\/v2\/pages"}],"about":[{"href":"https:\/\/www.ggs-walheim.de\/index.php\/wp-json\/wp\/v2\/types\/page"}],"author":[{"embeddable":true,"href":"https:\/\/www.ggs-walheim.de\/index.php\/wp-json\/wp\/v2\/users\/1"}],"replies":[{"embeddable":true,"href":"https:\/\/www.ggs-walheim.de\/index.php\/wp-json\/wp\/v2\/comments?post=737"}],"version-history":[{"count":15,"href":"https:\/\/www.ggs-walheim.de\/index.php\/wp-json\/wp\/v2\/pages\/737\/revisions"}],"predecessor-version":[{"id":920,"href":"https:\/\/www.ggs-walheim.de\/index.php\/wp-json\/wp\/v2\/pages\/737\/revisions\/920"}],"wp:attachment":[{"href":"https:\/\/www.ggs-walheim.de\/index.php\/wp-json\/wp\/v2\/media?parent=737"}],"curies":[{"name":"wp","href":"https:\/\/api.w.org\/{rel}","templated":true}]}}