{"id":267,"date":"2020-05-14T21:07:33","date_gmt":"2020-05-14T21:07:33","guid":{"rendered":"https:\/\/www.ggs-walheim.de\/?page_id=267"},"modified":"2024-10-05T09:16:04","modified_gmt":"2024-10-05T07:16:04","slug":"kurse","status":"publish","type":"page","link":"https:\/\/www.ggs-walheim.de\/index.php\/kurse\/","title":{"rendered":"Kurse"},"content":{"rendered":"\n<figure class=\"wp-block-gallery has-nested-images columns-default is-cropped wp-block-gallery-1 is-layout-flex wp-block-gallery-is-layout-flex\">\n<figure class=\"wp-block-image size-large\"><img decoding=\"async\" data-id=\"795\" src=\"https:\/\/www.ggs-walheim.de\/wp-content\/uploads\/2020\/05\/k-IMG_5957-e1589309918385.jpg\" alt=\"OGS-K\u00f6che\" class=\"wp-image-795\"\/><figcaption class=\"wp-element-caption\">OGS-K\u00f6che<\/figcaption><\/figure>\n\n\n\n<figure class=\"wp-block-image size-large\"><img loading=\"lazy\" decoding=\"async\" width=\"949\" height=\"1024\" data-id=\"794\" src=\"https:\/\/www.ggs-walheim.de\/wp-content\/uploads\/2020\/05\/k-P1140605.jpg\" alt=\"IdeenReich\" class=\"wp-image-794\" srcset=\"https:\/\/www.ggs-walheim.de\/wp-content\/uploads\/2020\/05\/k-P1140605.jpg 949w, https:\/\/www.ggs-walheim.de\/wp-content\/uploads\/2020\/05\/k-P1140605-300x324.jpg 300w, https:\/\/www.ggs-walheim.de\/wp-content\/uploads\/2020\/05\/k-P1140605-800x863.jpg 800w\" sizes=\"auto, (max-width: 949px) 100vw, 949px\" \/><figcaption class=\"wp-element-caption\">IdeenReich<\/figcaption><\/figure>\n\n\n\n<figure class=\"wp-block-image size-large\"><img loading=\"lazy\" decoding=\"async\" width=\"1024\" height=\"768\" data-id=\"793\" src=\"https:\/\/www.ggs-walheim.de\/wp-content\/uploads\/2020\/05\/k-IMG_4843-1.jpg\" alt=\"N\u00e4hk\u00e4stchen\" class=\"wp-image-793\" srcset=\"https:\/\/www.ggs-walheim.de\/wp-content\/uploads\/2020\/05\/k-IMG_4843-1.jpg 1024w, https:\/\/www.ggs-walheim.de\/wp-content\/uploads\/2020\/05\/k-IMG_4843-1-300x225.jpg 300w, https:\/\/www.ggs-walheim.de\/wp-content\/uploads\/2020\/05\/k-IMG_4843-1-800x600.jpg 800w\" sizes=\"auto, (max-width: 1024px) 100vw, 1024px\" \/><figcaption class=\"wp-element-caption\">N\u00e4hk\u00e4stchen<\/figcaption><\/figure>\n<\/figure>\n\n\n\n<p><strong>Kurzbeschreibung der Angebote im Schuljahr 2024\/25<\/strong><\/p>\n\n\n\n<ul class=\"wp-block-list\">\n<li>Kurse werden zum neuen Halbjahr von jedem Kind neu gew\u00e4hlt.<\/li>\n\n\n\n<li>Die Anleitung erfolgt von externen Kursleitern, bspw. vom Stadtsportbund Aachen, durch das Space (Kinder- und Jugendtreff in Walheim) und p\u00e4dagogischen OGS-Mitarbeitern.<\/li>\n<\/ul>\n\n\n\n<p><strong>Schwimmen (Montag)<\/strong>&nbsp;<br>Hier kannst du schwimmen lernen oder deine Schwimmf\u00e4higkeiten verbessern. Wir \u00fcben Schwimmtechniken und haben Spa\u00df beim Spielen im Wasser.&nbsp;<\/p>\n\n\n\n<p><strong>Kids have fun (Mittwoch)<\/strong>&nbsp;<br>Bewegung ist etwas Sch\u00f6nes und Tolles. Dies merkst du durch Laufen, Turnen und unterschiedliche Spiele in diesem Kurs &#8211; auch Erfolge feiern, Lob und Anerkennung sind wichtig. Diese Aktivit\u00e4ten in der Turnhalle zielen darauf ab, dir Bewegung als etwas Positives und Spa\u00dfiges zu vermitteln, deine motorischen F\u00e4higkeiten zu entwickeln und dir die M\u00f6glichkeit zu geben, deine Energie in einem sicheren und strukturierten Umfeld abzubauen.&nbsp;<\/p>\n\n\n\n<p><strong>Sportakrobatik (Montag)<\/strong>&nbsp;<br>Sportakrobatik ist eine interessante Mischung aus Bodenturnen und Pyramiden. Es ist ein Teamsport, bei dem Vertrauen in den Partner wichtig ist. Mittels \u00dcbungen werden eure K\u00f6rperspannung, Kraft und Beweglichkeit trainiert.&nbsp;<\/p>\n\n\n\n<p><strong>Raufen nach Regeln (Dienstag)<\/strong>&nbsp;<br>Hierbei k\u00f6nnt ihr eure nat\u00fcrlichen Bed\u00fcrfnisse nach k\u00f6rperlichem Kr\u00e4ftemessen in einem sicheren und kontrollierten Rahmen ausleben. Das Konzept f\u00f6rdert nicht nur k\u00f6rperliche Fitness und Geschicklichkeit, sondern auch soziale Kompetenzen wie Fairness, Respekt, Einhaltung von Regeln, Lenkung von Energie und R\u00fccksichtnahme.&nbsp;<\/p>\n\n\n\n<p><strong>Fu\u00dfball (Freitag)<\/strong>&nbsp;<br>Es wird angeleitet Fu\u00dfball gespielt.&nbsp;<\/p>\n\n\n\n<p><strong>Tischtennis (Donnerstag)<\/strong>&nbsp;<br>Tischtennis-Schnupperkurs f\u00fcr Kinder: Hier k\u00f6nnt ihr bei einfachen \u00dcbungen Spa\u00df mit Schl\u00e4ger und Ball haben und dabei die schnellste R\u00fcckschlagsportart der Welt kennen und lieben lernen.&nbsp;<\/p>\n\n\n\n<p><strong>Entspannung:<\/strong>&nbsp;<\/p>\n\n\n\n<p><strong>Samurai &#8211; Shiatsu f\u00fcr Kinder (Mittwoch)<\/strong>&nbsp;<br>Fit f\u00fcr die Schule &#8211; stark f\u00fcrs Leben&nbsp;<br>\u201eBer\u00fchrung&#8220; ist das zentrale Thema des Samurai-Programms f\u00fcr Kinder im Alter von 6-12 Jahren. Es regt die Sinne an, f\u00f6rdert das K\u00f6rperbewusstsein und die Konzentration. &nbsp;<br>Die Techniken werden paarweise und kindgerecht durchgef\u00fchrt. Das Programm ist klar strukturiert und so konzipiert, dass die Kinder bereits nach kurzer Zeit alle \u00dcbungen eigenst\u00e4ndig und effektiv ausf\u00fchren k\u00f6nnen. (ca. 5 Termine)&nbsp;<\/p>\n\n\n\n<p><strong>Kreatives\/Handwerkliches:<\/strong>&nbsp;<\/p>\n\n\n\n<p><strong>N\u00e4hk\u00e4stchen (Dienstag)<\/strong>\u00a0<br>Gl\u00fccksfilz, Fadenzauber und Co. begr\u00fc\u00dfen dich in unserer Handarbeits-Arbeitsgemeinschaft.\u00a0<br>Hier lernen Kinder die liebevolle Kunst mit den H\u00e4nden etwas Eigenes zu schaffen und sich \u00fcber die gefertigten Produkte zu freuen. Mit den Kindern m\u00f6chte ich in dieser AG die Grundtechniken des Filzens, des H\u00e4kelns und des N\u00e4hens erarbeiten, so dass es ihnen viel Spa\u00df macht. Ich freue mich auf kreative Selbstmach-Fans!\u00a0<br>Betrag f\u00fcr Material: 3,00 Euro\/ Halbjahr!\u00a0<\/p>\n\n\n\n<p><strong>Fl\u00f6te (erst ab 2. Klasse) (Anf\u00e4nger: Freitag; Fortgeschrittene: Montag)<\/strong>&nbsp;<br>Du lernst in diesem Kurs die Blockfl\u00f6te kennen, wie du sie spielst und einsetzt. Erfahren kannst du auch, wie T\u00f6ne und Kl\u00e4nge wirken und Bilder im Kopf entstehen k\u00f6nnen. Du kannst Gef\u00fchle mitteilen und kreativ sein. Durch das gemeinsame Musizieren dr\u00fcckst du dich selbst aus, h\u00f6rst auf deine Mitspieler und bildest ein Team. Das gemeinsame Fl\u00f6ten soll dir Freude und Entspannung bringen.&nbsp;<br>Kosten: ca. 15 Euro f\u00fcr das Fl\u00f6tenbuch, ca. 14 Euro f\u00fcr eine Fl\u00f6te; Es besteht auch die M\u00f6glichkeit f\u00fcr 10 Euro das Buch bzw. die Fl\u00f6te zu leihen, weitere Infos folgen nach Anmeldung.&nbsp;<\/p>\n\n\n\n<p><strong>Space (Donnerstag)<\/strong>&nbsp;<br>Liebe Kinder, in unserem Kurs k\u00f6nnt ihr zum Beispiel: Malen, lesen, toben, basteln, Musik h\u00f6ren und machen, kochen und backen, Billard, Kicker und Fu\u00dfball spielen, Spiele drinnen und drau\u00dfen, Gesellschaftsspiele, Kreisspiele, kreatives Gestalten, Wasserspiele, Natur erleben und freies Spiel. Besonders wichtig ist uns, dass ihr selbst \u00fcberlegen und mitbestimmen k\u00f6nnt, worauf ihr genau Lust habt und was wir gemeinsam im Open-Space machen wollen.&nbsp;&nbsp;<\/p>\n\n\n\n<p><strong>T\u00f6pfern (Freitag)<\/strong>\u00a0<br>Hast du Lust Tiere, Teller und vieles andere mehr aus Ton herzustellen und sie dann phantasievoll mit Glasur zu bemalen? Dann ist das dein Kurs. T\u00f6pfern ist ein kreatives Handwerk. Durch die leichte Handhabung des Tons k\u00f6nnen schnell Erfolge erzielt werden. Der Fantasie kann nicht nur bei der Formgebung des Tons freien Lauf gelassen werden, sondern auch nach dem Brennen &#8211; beim Bemalen und Bedrucken der T\u00f6pferware.\u00a0<br>Betrag f\u00fcr Material: 3,00 Euro\/ Halbjahr!\u00a0<\/p>\n\n\n\n<p><strong>Perlenfiguren (Dienstag)<\/strong>&nbsp;<br>Aus Perlen und Draht kannst du Tiere und lustige Sachen, wie Kekse und Eis basteln. Das haben wir schon in den Ferienspielen gemacht. Jetzt kannst du noch mehr Spa\u00df mit Perlen haben und mehr Figuren basteln, auch 3D-Figuren!&nbsp;<br>Betrag f\u00fcr Material: 3,00 Euro\/ Halbjahr, Abgabe am ersten Kurstag!&nbsp;<\/p>\n\n\n\n<p><strong>Holzwerkstatt (Mittwoch)<\/strong>\u00a0<br>Ihr erlernt in der AG den Umgang mit Werkzeugen wie S\u00e4ge, Feile, Bohrer und Schraubenzieher. Aus verschiedenen H\u00f6lzern und anderen Materialen k\u00f6nnt ihr selbstst\u00e4ndig Objekte planen und konstruieren. Dabei sind euer handwerkliches Geschick und viel Fantasie gefragt. \u00a0<br>Ziel der AG ist es durch praktisches Arbeiten euch f\u00fcr technische Zusammenh\u00e4nge zu interessieren. Dadurch wird auch die Technik im Alltag verst\u00e4ndlicher. \u00a0<br>Betrag f\u00fcr Material: 3,00 Euro\/ Halbjahr!\u00a0<\/p>\n\n\n\n<p><strong>Natur:<\/strong>&nbsp;<\/p>\n\n\n\n<p><strong>Naturforscherdiplom (Donnerstag)<\/strong>\u00a0<br>Naturforscher*innen gesucht! Als Insektenforscherin brauche ich Assistent*innen, um die Natur zu entdecken, die Wunderwelt der Insekten zu erforschen, den magischen Wald zu betreten, vielleicht dem Imker und Sch\u00e4fer \u00fcber die Schulter zu schauen, Untersuchungen auf Wiesen und in W\u00e4ldern durchzuf\u00fchren und unsere wissenschaftlichen Ergebnisse in einer Ausstellung zu pr\u00e4sentieren. Helft mir zu erforschen, wie Tiere im Winter \u00fcberleben, auch kleine Wesen sich wehren k\u00f6nnen, wo sie Nahrung finden, und ihre faszinierenden H\u00e4user bauen. Nach erfolgreicher abgeschlossener Ausbildung winkt ein Naturforscherdiplom \ud83d\ude0a\u00a0<br>Betrag f\u00fcr Material: 3,00 Euro\/ Halbjahr!\u00a0<\/p>\n\n\n\n<p><\/p>\n\n\n\n<p><\/p>\n\n\n\n<p><\/p>\n\n\n\n<figure class=\"wp-block-gallery has-nested-images columns-default is-cropped wp-block-gallery-2 is-layout-flex wp-block-gallery-is-layout-flex\">\n<figure class=\"wp-block-image size-large\"><img loading=\"lazy\" decoding=\"async\" width=\"1024\" height=\"768\" data-id=\"802\" src=\"https:\/\/www.ggs-walheim.de\/wp-content\/uploads\/2020\/05\/k-IMG_5827-1.jpg\" alt=\"\" class=\"wp-image-802\" srcset=\"https:\/\/www.ggs-walheim.de\/wp-content\/uploads\/2020\/05\/k-IMG_5827-1.jpg 1024w, https:\/\/www.ggs-walheim.de\/wp-content\/uploads\/2020\/05\/k-IMG_5827-1-300x225.jpg 300w, https:\/\/www.ggs-walheim.de\/wp-content\/uploads\/2020\/05\/k-IMG_5827-1-800x600.jpg 800w\" sizes=\"auto, (max-width: 1024px) 100vw, 1024px\" \/><figcaption class=\"wp-element-caption\">Schach<\/figcaption><\/figure>\n\n\n\n<figure class=\"wp-block-image size-large\"><img loading=\"lazy\" decoding=\"async\" width=\"1024\" height=\"768\" data-id=\"803\" src=\"https:\/\/www.ggs-walheim.de\/wp-content\/uploads\/2020\/05\/k-P1160208-1.jpg\" alt=\"\" class=\"wp-image-803\" srcset=\"https:\/\/www.ggs-walheim.de\/wp-content\/uploads\/2020\/05\/k-P1160208-1.jpg 1024w, https:\/\/www.ggs-walheim.de\/wp-content\/uploads\/2020\/05\/k-P1160208-1-300x225.jpg 300w, https:\/\/www.ggs-walheim.de\/wp-content\/uploads\/2020\/05\/k-P1160208-1-800x600.jpg 800w\" sizes=\"auto, (max-width: 1024px) 100vw, 1024px\" \/><figcaption class=\"wp-element-caption\">T\u00f6pfern<\/figcaption><\/figure>\n<\/figure>\n","protected":false},"excerpt":{"rendered":"<p>Kurzbeschreibung der Angebote im Schuljahr 2024\/25 Schwimmen (Montag)&nbsp;Hier kannst du schwimmen lernen oder deine Schwimmf\u00e4higkeiten verbessern. Wir \u00fcben Schwimmtechniken und haben Spa\u00df beim Spielen im&hellip;<\/p>\n","protected":false},"author":3,"featured_media":0,"parent":0,"menu_order":0,"comment_status":"closed","ping_status":"closed","template":"","meta":{"ngg_post_thumbnail":0,"_FSMCFIC_featured_image_caption":"","_FSMCFIC_featured_image_nocaption":"","_FSMCFIC_featured_image_hide":"","footnotes":""},"class_list":["post-267","page","type-page","status-publish","hentry"],"yoast_head":"<!-- This site is optimized with the Yoast SEO plugin v27.5 - https:\/\/yoast.com\/product\/yoast-seo-wordpress\/ -->\n<title>Kurse - GGS Walheim<\/title>\n<meta name=\"robots\" content=\"index, follow, max-snippet:-1, max-image-preview:large, max-video-preview:-1\" \/>\n<link rel=\"canonical\" href=\"https:\/\/www.ggs-walheim.de\/index.php\/kurse\/\" \/>\n<meta property=\"og:locale\" content=\"de_DE\" \/>\n<meta property=\"og:type\" content=\"article\" \/>\n<meta property=\"og:title\" content=\"Kurse - GGS Walheim\" \/>\n<meta property=\"og:description\" content=\"Kurzbeschreibung der Angebote im Schuljahr 2024\/25 Schwimmen (Montag)&nbsp;Hier kannst du schwimmen lernen oder deine Schwimmf\u00e4higkeiten verbessern. Wir \u00fcben Schwimmtechniken und haben Spa\u00df beim Spielen im&hellip;\" \/>\n<meta property=\"og:url\" content=\"https:\/\/www.ggs-walheim.de\/index.php\/kurse\/\" \/>\n<meta property=\"og:site_name\" content=\"GGS Walheim\" \/>\n<meta property=\"article:modified_time\" content=\"2024-10-05T07:16:04+00:00\" \/>\n<meta property=\"og:image\" content=\"https:\/\/www.ggs-walheim.de\/wp-content\/uploads\/2020\/05\/k-IMG_5957-e1589309918385.jpg\" \/>\n<meta name=\"twitter:card\" content=\"summary_large_image\" \/>\n<meta name=\"twitter:label1\" content=\"Gesch\u00e4tzte Lesezeit\" \/>\n\t<meta name=\"twitter:data1\" content=\"6\u00a0Minuten\" \/>\n<script type=\"application\/ld+json\" class=\"yoast-schema-graph\">{\"@context\":\"https:\\\/\\\/schema.org\",\"@graph\":[{\"@type\":\"WebPage\",\"@id\":\"https:\\\/\\\/www.ggs-walheim.de\\\/index.php\\\/kurse\\\/\",\"url\":\"https:\\\/\\\/www.ggs-walheim.de\\\/index.php\\\/kurse\\\/\",\"name\":\"Kurse - GGS Walheim\",\"isPartOf\":{\"@id\":\"https:\\\/\\\/www.ggs-walheim.de\\\/#website\"},\"primaryImageOfPage\":{\"@id\":\"https:\\\/\\\/www.ggs-walheim.de\\\/index.php\\\/kurse\\\/#primaryimage\"},\"image\":{\"@id\":\"https:\\\/\\\/www.ggs-walheim.de\\\/index.php\\\/kurse\\\/#primaryimage\"},\"thumbnailUrl\":\"https:\\\/\\\/www.ggs-walheim.de\\\/wp-content\\\/uploads\\\/2020\\\/05\\\/k-IMG_5957-e1589309918385.jpg\",\"datePublished\":\"2020-05-14T21:07:33+00:00\",\"dateModified\":\"2024-10-05T07:16:04+00:00\",\"breadcrumb\":{\"@id\":\"https:\\\/\\\/www.ggs-walheim.de\\\/index.php\\\/kurse\\\/#breadcrumb\"},\"inLanguage\":\"de\",\"potentialAction\":[{\"@type\":\"ReadAction\",\"target\":[\"https:\\\/\\\/www.ggs-walheim.de\\\/index.php\\\/kurse\\\/\"]}]},{\"@type\":\"ImageObject\",\"inLanguage\":\"de\",\"@id\":\"https:\\\/\\\/www.ggs-walheim.de\\\/index.php\\\/kurse\\\/#primaryimage\",\"url\":\"https:\\\/\\\/www.ggs-walheim.de\\\/wp-content\\\/uploads\\\/2020\\\/05\\\/k-IMG_5957-e1589309918385.jpg\",\"contentUrl\":\"https:\\\/\\\/www.ggs-walheim.de\\\/wp-content\\\/uploads\\\/2020\\\/05\\\/k-IMG_5957-e1589309918385.jpg\"},{\"@type\":\"BreadcrumbList\",\"@id\":\"https:\\\/\\\/www.ggs-walheim.de\\\/index.php\\\/kurse\\\/#breadcrumb\",\"itemListElement\":[{\"@type\":\"ListItem\",\"position\":1,\"name\":\"Startseite\",\"item\":\"https:\\\/\\\/www.ggs-walheim.de\\\/\"},{\"@type\":\"ListItem\",\"position\":2,\"name\":\"Kurse\"}]},{\"@type\":\"WebSite\",\"@id\":\"https:\\\/\\\/www.ggs-walheim.de\\\/#website\",\"url\":\"https:\\\/\\\/www.ggs-walheim.de\\\/\",\"name\":\"GGS Walheim\",\"description\":\"Zu Hause im Aachener S\u00fcden\",\"publisher\":{\"@id\":\"https:\\\/\\\/www.ggs-walheim.de\\\/#organization\"},\"potentialAction\":[{\"@type\":\"SearchAction\",\"target\":{\"@type\":\"EntryPoint\",\"urlTemplate\":\"https:\\\/\\\/www.ggs-walheim.de\\\/?s={search_term_string}\"},\"query-input\":{\"@type\":\"PropertyValueSpecification\",\"valueRequired\":true,\"valueName\":\"search_term_string\"}}],\"inLanguage\":\"de\"},{\"@type\":\"Organization\",\"@id\":\"https:\\\/\\\/www.ggs-walheim.de\\\/#organization\",\"name\":\"St\u00e4dtische Gemeinschaftsgrundschule Walheim\",\"url\":\"https:\\\/\\\/www.ggs-walheim.de\\\/\",\"logo\":{\"@type\":\"ImageObject\",\"inLanguage\":\"de\",\"@id\":\"https:\\\/\\\/www.ggs-walheim.de\\\/#\\\/schema\\\/logo\\\/image\\\/\",\"url\":\"https:\\\/\\\/www.ggs-walheim.de\\\/wp-content\\\/uploads\\\/2020\\\/10\\\/logo-ggs.png\",\"contentUrl\":\"https:\\\/\\\/www.ggs-walheim.de\\\/wp-content\\\/uploads\\\/2020\\\/10\\\/logo-ggs.png\",\"width\":1363,\"height\":1363,\"caption\":\"St\u00e4dtische Gemeinschaftsgrundschule Walheim\"},\"image\":{\"@id\":\"https:\\\/\\\/www.ggs-walheim.de\\\/#\\\/schema\\\/logo\\\/image\\\/\"}}]}<\/script>\n<!-- \/ Yoast SEO plugin. -->","yoast_head_json":{"title":"Kurse - GGS Walheim","robots":{"index":"index","follow":"follow","max-snippet":"max-snippet:-1","max-image-preview":"max-image-preview:large","max-video-preview":"max-video-preview:-1"},"canonical":"https:\/\/www.ggs-walheim.de\/index.php\/kurse\/","og_locale":"de_DE","og_type":"article","og_title":"Kurse - GGS Walheim","og_description":"Kurzbeschreibung der Angebote im Schuljahr 2024\/25 Schwimmen (Montag)&nbsp;Hier kannst du schwimmen lernen oder deine Schwimmf\u00e4higkeiten verbessern. Wir \u00fcben Schwimmtechniken und haben Spa\u00df beim Spielen im&hellip;","og_url":"https:\/\/www.ggs-walheim.de\/index.php\/kurse\/","og_site_name":"GGS Walheim","article_modified_time":"2024-10-05T07:16:04+00:00","og_image":[{"url":"https:\/\/www.ggs-walheim.de\/wp-content\/uploads\/2020\/05\/k-IMG_5957-e1589309918385.jpg","type":"","width":"","height":""}],"twitter_card":"summary_large_image","twitter_misc":{"Gesch\u00e4tzte Lesezeit":"6\u00a0Minuten"},"schema":{"@context":"https:\/\/schema.org","@graph":[{"@type":"WebPage","@id":"https:\/\/www.ggs-walheim.de\/index.php\/kurse\/","url":"https:\/\/www.ggs-walheim.de\/index.php\/kurse\/","name":"Kurse - GGS Walheim","isPartOf":{"@id":"https:\/\/www.ggs-walheim.de\/#website"},"primaryImageOfPage":{"@id":"https:\/\/www.ggs-walheim.de\/index.php\/kurse\/#primaryimage"},"image":{"@id":"https:\/\/www.ggs-walheim.de\/index.php\/kurse\/#primaryimage"},"thumbnailUrl":"https:\/\/www.ggs-walheim.de\/wp-content\/uploads\/2020\/05\/k-IMG_5957-e1589309918385.jpg","datePublished":"2020-05-14T21:07:33+00:00","dateModified":"2024-10-05T07:16:04+00:00","breadcrumb":{"@id":"https:\/\/www.ggs-walheim.de\/index.php\/kurse\/#breadcrumb"},"inLanguage":"de","potentialAction":[{"@type":"ReadAction","target":["https:\/\/www.ggs-walheim.de\/index.php\/kurse\/"]}]},{"@type":"ImageObject","inLanguage":"de","@id":"https:\/\/www.ggs-walheim.de\/index.php\/kurse\/#primaryimage","url":"https:\/\/www.ggs-walheim.de\/wp-content\/uploads\/2020\/05\/k-IMG_5957-e1589309918385.jpg","contentUrl":"https:\/\/www.ggs-walheim.de\/wp-content\/uploads\/2020\/05\/k-IMG_5957-e1589309918385.jpg"},{"@type":"BreadcrumbList","@id":"https:\/\/www.ggs-walheim.de\/index.php\/kurse\/#breadcrumb","itemListElement":[{"@type":"ListItem","position":1,"name":"Startseite","item":"https:\/\/www.ggs-walheim.de\/"},{"@type":"ListItem","position":2,"name":"Kurse"}]},{"@type":"WebSite","@id":"https:\/\/www.ggs-walheim.de\/#website","url":"https:\/\/www.ggs-walheim.de\/","name":"GGS Walheim","description":"Zu Hause im Aachener S\u00fcden","publisher":{"@id":"https:\/\/www.ggs-walheim.de\/#organization"},"potentialAction":[{"@type":"SearchAction","target":{"@type":"EntryPoint","urlTemplate":"https:\/\/www.ggs-walheim.de\/?s={search_term_string}"},"query-input":{"@type":"PropertyValueSpecification","valueRequired":true,"valueName":"search_term_string"}}],"inLanguage":"de"},{"@type":"Organization","@id":"https:\/\/www.ggs-walheim.de\/#organization","name":"St\u00e4dtische Gemeinschaftsgrundschule Walheim","url":"https:\/\/www.ggs-walheim.de\/","logo":{"@type":"ImageObject","inLanguage":"de","@id":"https:\/\/www.ggs-walheim.de\/#\/schema\/logo\/image\/","url":"https:\/\/www.ggs-walheim.de\/wp-content\/uploads\/2020\/10\/logo-ggs.png","contentUrl":"https:\/\/www.ggs-walheim.de\/wp-content\/uploads\/2020\/10\/logo-ggs.png","width":1363,"height":1363,"caption":"St\u00e4dtische Gemeinschaftsgrundschule Walheim"},"image":{"@id":"https:\/\/www.ggs-walheim.de\/#\/schema\/logo\/image\/"}}]}},"_links":{"self":[{"href":"https:\/\/www.ggs-walheim.de\/index.php\/wp-json\/wp\/v2\/pages\/267","targetHints":{"allow":["GET"]}}],"collection":[{"href":"https:\/\/www.ggs-walheim.de\/index.php\/wp-json\/wp\/v2\/pages"}],"about":[{"href":"https:\/\/www.ggs-walheim.de\/index.php\/wp-json\/wp\/v2\/types\/page"}],"author":[{"embeddable":true,"href":"https:\/\/www.ggs-walheim.de\/index.php\/wp-json\/wp\/v2\/users\/3"}],"replies":[{"embeddable":true,"href":"https:\/\/www.ggs-walheim.de\/index.php\/wp-json\/wp\/v2\/comments?post=267"}],"version-history":[{"count":29,"href":"https:\/\/www.ggs-walheim.de\/index.php\/wp-json\/wp\/v2\/pages\/267\/revisions"}],"predecessor-version":[{"id":2677,"href":"https:\/\/www.ggs-walheim.de\/index.php\/wp-json\/wp\/v2\/pages\/267\/revisions\/2677"}],"wp:attachment":[{"href":"https:\/\/www.ggs-walheim.de\/index.php\/wp-json\/wp\/v2\/media?parent=267"}],"curies":[{"name":"wp","href":"https:\/\/api.w.org\/{rel}","templated":true}]}}