{"id":24,"date":"2019-10-28T20:49:14","date_gmt":"2019-10-28T20:49:14","guid":{"rendered":"https:\/\/www.ggs-walheim.de\/?page_id=24"},"modified":"2024-11-12T11:09:14","modified_gmt":"2024-11-12T10:09:14","slug":"das-team-2","status":"publish","type":"page","link":"https:\/\/www.ggs-walheim.de\/index.php\/das-team-2\/","title":{"rendered":"Das OGS-Team"},"content":{"rendered":"\n<p>Das ist unser OGS-Team im Schuljahr 2022 \/ 2023:<\/p>\n\n\n\n<p><strong>P\u00e4dagogische Koordinatorin<\/strong><br>Beate Wei\u00df<\/p>\n\n\n\n<p><strong>Stellv. P\u00e4dagogische Koordinatorin<\/strong><br>Elisabeth Hanusa<\/p>\n\n\n\n<p><strong>P\u00e4dagogische Mitarbeiterinnen<\/strong><br>Tatjana Unger<br>Ruth Peters <br>Beate Tetzlaff<br>Yasemin Mese<br>Petra Meisler<br>Grigorij Rozko<br>Uschi Grawe<br>Dirk Weinkauf<br>Birgit Frenken<br>Tanja Merkens<br>Fritzi Kersting Pr\u00fc\u00dfner<br>Munira Almandalawy<br>Futoh Alkalashini<br>Oksana Khazova<br><\/p>\n\n\n\n<p><\/p>\n\n\n\n<p><strong>Bundesfreiwilligendienst<\/strong><\/p>\n\n\n\n<p>Caro Kleinholz<\/p>\n","protected":false},"excerpt":{"rendered":"<p>Das ist unser OGS-Team im Schuljahr 2022 \/ 2023: P\u00e4dagogische KoordinatorinBeate Wei\u00df Stellv. P\u00e4dagogische KoordinatorinElisabeth Hanusa P\u00e4dagogische MitarbeiterinnenTatjana UngerRuth Peters Beate TetzlaffYasemin MesePetra MeislerGrigorij RozkoUschi&hellip;<\/p>\n","protected":false},"author":1,"featured_media":0,"parent":0,"menu_order":0,"comment_status":"closed","ping_status":"closed","template":"","meta":{"ngg_post_thumbnail":0,"_FSMCFIC_featured_image_caption":"","_FSMCFIC_featured_image_nocaption":"","_FSMCFIC_featured_image_hide":"","footnotes":""},"class_list":["post-24","page","type-page","status-publish","hentry"],"yoast_head":"<!-- This site is optimized with the Yoast SEO plugin v27.4 - https:\/\/yoast.com\/product\/yoast-seo-wordpress\/ -->\n<title>Das OGS-Team - GGS Walheim<\/title>\n<meta name=\"robots\" content=\"index, follow, max-snippet:-1, max-image-preview:large, max-video-preview:-1\" \/>\n<link rel=\"canonical\" href=\"https:\/\/www.ggs-walheim.de\/index.php\/das-team-2\/\" \/>\n<meta property=\"og:locale\" content=\"de_DE\" \/>\n<meta property=\"og:type\" content=\"article\" \/>\n<meta property=\"og:title\" content=\"Das OGS-Team - GGS Walheim\" \/>\n<meta property=\"og:description\" content=\"Das ist unser OGS-Team im Schuljahr 2022 \/ 2023: P\u00e4dagogische KoordinatorinBeate Wei\u00df Stellv. P\u00e4dagogische KoordinatorinElisabeth Hanusa P\u00e4dagogische MitarbeiterinnenTatjana UngerRuth Peters Beate TetzlaffYasemin MesePetra MeislerGrigorij RozkoUschi&hellip;\" \/>\n<meta property=\"og:url\" content=\"https:\/\/www.ggs-walheim.de\/index.php\/das-team-2\/\" \/>\n<meta property=\"og:site_name\" content=\"GGS Walheim\" \/>\n<meta property=\"article:modified_time\" content=\"2024-11-12T10:09:14+00:00\" \/>\n<meta name=\"twitter:card\" content=\"summary_large_image\" \/>\n<meta name=\"twitter:label1\" content=\"Gesch\u00e4tzte Lesezeit\" \/>\n\t<meta name=\"twitter:data1\" content=\"1\u00a0Minute\" \/>\n<script type=\"application\/ld+json\" class=\"yoast-schema-graph\">{\"@context\":\"https:\\\/\\\/schema.org\",\"@graph\":[{\"@type\":\"WebPage\",\"@id\":\"https:\\\/\\\/www.ggs-walheim.de\\\/index.php\\\/das-team-2\\\/\",\"url\":\"https:\\\/\\\/www.ggs-walheim.de\\\/index.php\\\/das-team-2\\\/\",\"name\":\"Das OGS-Team - GGS Walheim\",\"isPartOf\":{\"@id\":\"https:\\\/\\\/www.ggs-walheim.de\\\/#website\"},\"datePublished\":\"2019-10-28T20:49:14+00:00\",\"dateModified\":\"2024-11-12T10:09:14+00:00\",\"breadcrumb\":{\"@id\":\"https:\\\/\\\/www.ggs-walheim.de\\\/index.php\\\/das-team-2\\\/#breadcrumb\"},\"inLanguage\":\"de\",\"potentialAction\":[{\"@type\":\"ReadAction\",\"target\":[\"https:\\\/\\\/www.ggs-walheim.de\\\/index.php\\\/das-team-2\\\/\"]}]},{\"@type\":\"BreadcrumbList\",\"@id\":\"https:\\\/\\\/www.ggs-walheim.de\\\/index.php\\\/das-team-2\\\/#breadcrumb\",\"itemListElement\":[{\"@type\":\"ListItem\",\"position\":1,\"name\":\"Startseite\",\"item\":\"https:\\\/\\\/www.ggs-walheim.de\\\/\"},{\"@type\":\"ListItem\",\"position\":2,\"name\":\"Das OGS-Team\"}]},{\"@type\":\"WebSite\",\"@id\":\"https:\\\/\\\/www.ggs-walheim.de\\\/#website\",\"url\":\"https:\\\/\\\/www.ggs-walheim.de\\\/\",\"name\":\"GGS Walheim\",\"description\":\"Zu Hause im Aachener S\u00fcden\",\"publisher\":{\"@id\":\"https:\\\/\\\/www.ggs-walheim.de\\\/#organization\"},\"potentialAction\":[{\"@type\":\"SearchAction\",\"target\":{\"@type\":\"EntryPoint\",\"urlTemplate\":\"https:\\\/\\\/www.ggs-walheim.de\\\/?s={search_term_string}\"},\"query-input\":{\"@type\":\"PropertyValueSpecification\",\"valueRequired\":true,\"valueName\":\"search_term_string\"}}],\"inLanguage\":\"de\"},{\"@type\":\"Organization\",\"@id\":\"https:\\\/\\\/www.ggs-walheim.de\\\/#organization\",\"name\":\"St\u00e4dtische Gemeinschaftsgrundschule Walheim\",\"url\":\"https:\\\/\\\/www.ggs-walheim.de\\\/\",\"logo\":{\"@type\":\"ImageObject\",\"inLanguage\":\"de\",\"@id\":\"https:\\\/\\\/www.ggs-walheim.de\\\/#\\\/schema\\\/logo\\\/image\\\/\",\"url\":\"https:\\\/\\\/www.ggs-walheim.de\\\/wp-content\\\/uploads\\\/2020\\\/10\\\/logo-ggs.png\",\"contentUrl\":\"https:\\\/\\\/www.ggs-walheim.de\\\/wp-content\\\/uploads\\\/2020\\\/10\\\/logo-ggs.png\",\"width\":1363,\"height\":1363,\"caption\":\"St\u00e4dtische Gemeinschaftsgrundschule Walheim\"},\"image\":{\"@id\":\"https:\\\/\\\/www.ggs-walheim.de\\\/#\\\/schema\\\/logo\\\/image\\\/\"}}]}<\/script>\n<!-- \/ Yoast SEO plugin. -->","yoast_head_json":{"title":"Das OGS-Team - GGS Walheim","robots":{"index":"index","follow":"follow","max-snippet":"max-snippet:-1","max-image-preview":"max-image-preview:large","max-video-preview":"max-video-preview:-1"},"canonical":"https:\/\/www.ggs-walheim.de\/index.php\/das-team-2\/","og_locale":"de_DE","og_type":"article","og_title":"Das OGS-Team - GGS Walheim","og_description":"Das ist unser OGS-Team im Schuljahr 2022 \/ 2023: P\u00e4dagogische KoordinatorinBeate Wei\u00df Stellv. P\u00e4dagogische KoordinatorinElisabeth Hanusa P\u00e4dagogische MitarbeiterinnenTatjana UngerRuth Peters Beate TetzlaffYasemin MesePetra MeislerGrigorij RozkoUschi&hellip;","og_url":"https:\/\/www.ggs-walheim.de\/index.php\/das-team-2\/","og_site_name":"GGS Walheim","article_modified_time":"2024-11-12T10:09:14+00:00","twitter_card":"summary_large_image","twitter_misc":{"Gesch\u00e4tzte Lesezeit":"1\u00a0Minute"},"schema":{"@context":"https:\/\/schema.org","@graph":[{"@type":"WebPage","@id":"https:\/\/www.ggs-walheim.de\/index.php\/das-team-2\/","url":"https:\/\/www.ggs-walheim.de\/index.php\/das-team-2\/","name":"Das OGS-Team - GGS Walheim","isPartOf":{"@id":"https:\/\/www.ggs-walheim.de\/#website"},"datePublished":"2019-10-28T20:49:14+00:00","dateModified":"2024-11-12T10:09:14+00:00","breadcrumb":{"@id":"https:\/\/www.ggs-walheim.de\/index.php\/das-team-2\/#breadcrumb"},"inLanguage":"de","potentialAction":[{"@type":"ReadAction","target":["https:\/\/www.ggs-walheim.de\/index.php\/das-team-2\/"]}]},{"@type":"BreadcrumbList","@id":"https:\/\/www.ggs-walheim.de\/index.php\/das-team-2\/#breadcrumb","itemListElement":[{"@type":"ListItem","position":1,"name":"Startseite","item":"https:\/\/www.ggs-walheim.de\/"},{"@type":"ListItem","position":2,"name":"Das OGS-Team"}]},{"@type":"WebSite","@id":"https:\/\/www.ggs-walheim.de\/#website","url":"https:\/\/www.ggs-walheim.de\/","name":"GGS Walheim","description":"Zu Hause im Aachener S\u00fcden","publisher":{"@id":"https:\/\/www.ggs-walheim.de\/#organization"},"potentialAction":[{"@type":"SearchAction","target":{"@type":"EntryPoint","urlTemplate":"https:\/\/www.ggs-walheim.de\/?s={search_term_string}"},"query-input":{"@type":"PropertyValueSpecification","valueRequired":true,"valueName":"search_term_string"}}],"inLanguage":"de"},{"@type":"Organization","@id":"https:\/\/www.ggs-walheim.de\/#organization","name":"St\u00e4dtische Gemeinschaftsgrundschule Walheim","url":"https:\/\/www.ggs-walheim.de\/","logo":{"@type":"ImageObject","inLanguage":"de","@id":"https:\/\/www.ggs-walheim.de\/#\/schema\/logo\/image\/","url":"https:\/\/www.ggs-walheim.de\/wp-content\/uploads\/2020\/10\/logo-ggs.png","contentUrl":"https:\/\/www.ggs-walheim.de\/wp-content\/uploads\/2020\/10\/logo-ggs.png","width":1363,"height":1363,"caption":"St\u00e4dtische Gemeinschaftsgrundschule Walheim"},"image":{"@id":"https:\/\/www.ggs-walheim.de\/#\/schema\/logo\/image\/"}}]}},"_links":{"self":[{"href":"https:\/\/www.ggs-walheim.de\/index.php\/wp-json\/wp\/v2\/pages\/24","targetHints":{"allow":["GET"]}}],"collection":[{"href":"https:\/\/www.ggs-walheim.de\/index.php\/wp-json\/wp\/v2\/pages"}],"about":[{"href":"https:\/\/www.ggs-walheim.de\/index.php\/wp-json\/wp\/v2\/types\/page"}],"author":[{"embeddable":true,"href":"https:\/\/www.ggs-walheim.de\/index.php\/wp-json\/wp\/v2\/users\/1"}],"replies":[{"embeddable":true,"href":"https:\/\/www.ggs-walheim.de\/index.php\/wp-json\/wp\/v2\/comments?post=24"}],"version-history":[{"count":17,"href":"https:\/\/www.ggs-walheim.de\/index.php\/wp-json\/wp\/v2\/pages\/24\/revisions"}],"predecessor-version":[{"id":2687,"href":"https:\/\/www.ggs-walheim.de\/index.php\/wp-json\/wp\/v2\/pages\/24\/revisions\/2687"}],"wp:attachment":[{"href":"https:\/\/www.ggs-walheim.de\/index.php\/wp-json\/wp\/v2\/media?parent=24"}],"curies":[{"name":"wp","href":"https:\/\/api.w.org\/{rel}","templated":true}]}}