{"id":1716,"date":"2021-08-25T18:11:04","date_gmt":"2021-08-25T16:11:04","guid":{"rendered":"https:\/\/www.ggs-walheim.de\/?page_id=1716"},"modified":"2021-08-25T18:22:14","modified_gmt":"2021-08-25T16:22:14","slug":"schulsozialarbeit","status":"publish","type":"page","link":"https:\/\/www.ggs-walheim.de\/index.php\/schulsozialarbeit\/","title":{"rendered":"Schulsozialarbeit"},"content":{"rendered":"\n<figure class=\"wp-block-image size-full\"><img loading=\"lazy\" decoding=\"async\" width=\"1024\" height=\"768\" src=\"https:\/\/www.ggs-walheim.de\/wp-content\/uploads\/2020\/11\/schulsozialarbeiterin-ggs-walheim.jpg\" alt=\"Schulsozialarbeiterin GGS Walheim\" class=\"wp-image-1205\" srcset=\"https:\/\/www.ggs-walheim.de\/wp-content\/uploads\/2020\/11\/schulsozialarbeiterin-ggs-walheim.jpg 1024w, https:\/\/www.ggs-walheim.de\/wp-content\/uploads\/2020\/11\/schulsozialarbeiterin-ggs-walheim-300x225.jpg 300w, https:\/\/www.ggs-walheim.de\/wp-content\/uploads\/2020\/11\/schulsozialarbeiterin-ggs-walheim-800x600.jpg 800w\" sizes=\"auto, (max-width: 1024px) 100vw, 1024px\" \/><\/figure>\n\n\n\n<p>Seit Beginn des Schuljahres 2020 \/ 2021 haben wir mit Linda Walber eine Schulsozialarbeiterin im Team. Als Schulsozialarbeiterin ist sie Ansprechpartnerin f\u00fcr Sch\u00fclerInnen, Eltern und Sorgeberechtigte, LehrerInnen, als auch die p\u00e4dagogischen Fachkr\u00e4fte der OGS.<\/p>\n\n\n\n<p>Die Schulsozialarbeit bietet Lebenswelt unterst\u00fctzende Ma\u00dfnahmen an und tr\u00e4gt damit auch zum schulischen Lernerfolg des Kindes bei.<\/p>\n\n\n\n<p>Sie ist angegliedert beim&nbsp;<a href=\"https:\/\/serviceportal.aachen.de\/suche\/-\/vr-bis-detail\/einrichtung\/44862\/show\">Fachbereich Kinder, Jugend und Schule (FB45)<\/a>&nbsp;und ist somit Bindeglied zwischen Schule und Jugendhilfe.<\/p>\n\n\n\n<p>Frau Walber bietet den Kindern Unterst\u00fctzung an beim Erlernen sozialer Kompetenzen, wie<\/p>\n\n\n\n<ul class=\"wp-block-list\"><li>Wahrnehmung individueller Bed\u00fcrfnisse bei sich selbst und anderen<\/li><li>wertsch\u00e4tzende Kommunikation<\/li><li>angemessene Streitkultur<\/li><li>Achtsamkeit<\/li><li>Entspannungsf\u00e4higkeit<\/li><\/ul>\n\n\n\n<p>Au\u00dferdem ist sie als Schulsozialarbeiterin f\u00fcr Ihre Kinder vertrauensvolle Ansprechpartnerin bei pers\u00f6nlichen Problemen und Konflikten innerhalb der Familie. Hilfsangebote k\u00f6nnen in der Gruppe, aber auch einzeln stattfinden.<\/p>\n\n\n\n<p>Schwerpunkte in der Arbeit mit den Eltern \/ Erziehungsberechtigten sind:<\/p>\n\n\n\n<ul class=\"wp-block-list\"><li>Beratung bei Erziehungsfragen<\/li><li>Akute Krisenintervention<\/li><li>Vermittlung au\u00dferschulischer Hilfsangebote<\/li><li>St\u00e4rkung der Erziehungskompetenz<\/li><\/ul>\n\n\n\n<p>Frau Walbers Hilfsangebote finden in einem individuellen und vertrauensvollen Rahmen statt. In Zusammenarbeit mit den Eltern \/ &nbsp;Erziehungsberechtigten werden&nbsp; geeignete Unterst\u00fctzungsangebote entwickelt.<\/p>\n\n\n\n<p>Schwerpunkte in der Arbeit mit den Kolleginnen und Kollegen sind:<\/p>\n\n\n\n<ul class=\"wp-block-list\"><li>regelm\u00e4\u00dfiger Austausch \u00fcber die Entwicklung der Klasse<\/li><li>Planung und ggfs. Umsetzung von unterst\u00fctzenden Ma\u00dfnahmen<\/li><\/ul>\n\n\n\n<p><strong>Kontakt:<\/strong><br>\ud83d\udce7 <a href=\"mailto:linda.walber@mail.aachen.de\">linda.walber@mail.aachen.de<\/a><br>\u260e (02408) 60 70 16<\/p>\n","protected":false},"excerpt":{"rendered":"<p>Seit Beginn des Schuljahres 2020 \/ 2021 haben wir mit Linda Walber eine Schulsozialarbeiterin im Team. Als Schulsozialarbeiterin ist sie Ansprechpartnerin f\u00fcr Sch\u00fclerInnen, Eltern und&hellip;<\/p>\n","protected":false},"author":1,"featured_media":0,"parent":0,"menu_order":0,"comment_status":"closed","ping_status":"closed","template":"","meta":{"ngg_post_thumbnail":0,"_FSMCFIC_featured_image_caption":"","_FSMCFIC_featured_image_nocaption":"","_FSMCFIC_featured_image_hide":"","footnotes":""},"class_list":["post-1716","page","type-page","status-publish","hentry"],"yoast_head":"<!-- This site is optimized with the Yoast SEO plugin v27.5 - https:\/\/yoast.com\/product\/yoast-seo-wordpress\/ -->\n<title>Schulsozialarbeit - GGS Walheim<\/title>\n<meta name=\"robots\" content=\"index, follow, max-snippet:-1, max-image-preview:large, max-video-preview:-1\" \/>\n<link rel=\"canonical\" href=\"https:\/\/www.ggs-walheim.de\/index.php\/schulsozialarbeit\/\" \/>\n<meta property=\"og:locale\" content=\"de_DE\" \/>\n<meta property=\"og:type\" content=\"article\" \/>\n<meta property=\"og:title\" content=\"Schulsozialarbeit - GGS Walheim\" \/>\n<meta property=\"og:description\" content=\"Seit Beginn des Schuljahres 2020 \/ 2021 haben wir mit Linda Walber eine Schulsozialarbeiterin im Team. Als Schulsozialarbeiterin ist sie Ansprechpartnerin f\u00fcr Sch\u00fclerInnen, Eltern und&hellip;\" \/>\n<meta property=\"og:url\" content=\"https:\/\/www.ggs-walheim.de\/index.php\/schulsozialarbeit\/\" \/>\n<meta property=\"og:site_name\" content=\"GGS Walheim\" \/>\n<meta property=\"article:modified_time\" content=\"2021-08-25T16:22:14+00:00\" \/>\n<meta property=\"og:image\" content=\"https:\/\/www.ggs-walheim.de\/wp-content\/uploads\/2020\/11\/schulsozialarbeiterin-ggs-walheim.jpg\" \/>\n<meta name=\"twitter:card\" content=\"summary_large_image\" \/>\n<meta name=\"twitter:label1\" content=\"Gesch\u00e4tzte Lesezeit\" \/>\n\t<meta name=\"twitter:data1\" content=\"2\u00a0Minuten\" \/>\n<script type=\"application\/ld+json\" class=\"yoast-schema-graph\">{\"@context\":\"https:\\\/\\\/schema.org\",\"@graph\":[{\"@type\":\"WebPage\",\"@id\":\"https:\\\/\\\/www.ggs-walheim.de\\\/index.php\\\/schulsozialarbeit\\\/\",\"url\":\"https:\\\/\\\/www.ggs-walheim.de\\\/index.php\\\/schulsozialarbeit\\\/\",\"name\":\"Schulsozialarbeit - GGS Walheim\",\"isPartOf\":{\"@id\":\"https:\\\/\\\/www.ggs-walheim.de\\\/#website\"},\"primaryImageOfPage\":{\"@id\":\"https:\\\/\\\/www.ggs-walheim.de\\\/index.php\\\/schulsozialarbeit\\\/#primaryimage\"},\"image\":{\"@id\":\"https:\\\/\\\/www.ggs-walheim.de\\\/index.php\\\/schulsozialarbeit\\\/#primaryimage\"},\"thumbnailUrl\":\"https:\\\/\\\/www.ggs-walheim.de\\\/wp-content\\\/uploads\\\/2020\\\/11\\\/schulsozialarbeiterin-ggs-walheim.jpg\",\"datePublished\":\"2021-08-25T16:11:04+00:00\",\"dateModified\":\"2021-08-25T16:22:14+00:00\",\"breadcrumb\":{\"@id\":\"https:\\\/\\\/www.ggs-walheim.de\\\/index.php\\\/schulsozialarbeit\\\/#breadcrumb\"},\"inLanguage\":\"de\",\"potentialAction\":[{\"@type\":\"ReadAction\",\"target\":[\"https:\\\/\\\/www.ggs-walheim.de\\\/index.php\\\/schulsozialarbeit\\\/\"]}]},{\"@type\":\"ImageObject\",\"inLanguage\":\"de\",\"@id\":\"https:\\\/\\\/www.ggs-walheim.de\\\/index.php\\\/schulsozialarbeit\\\/#primaryimage\",\"url\":\"https:\\\/\\\/www.ggs-walheim.de\\\/wp-content\\\/uploads\\\/2020\\\/11\\\/schulsozialarbeiterin-ggs-walheim.jpg\",\"contentUrl\":\"https:\\\/\\\/www.ggs-walheim.de\\\/wp-content\\\/uploads\\\/2020\\\/11\\\/schulsozialarbeiterin-ggs-walheim.jpg\",\"width\":1024,\"height\":768,\"caption\":\"Schulsozialarbeiterin GGS Walheim\"},{\"@type\":\"BreadcrumbList\",\"@id\":\"https:\\\/\\\/www.ggs-walheim.de\\\/index.php\\\/schulsozialarbeit\\\/#breadcrumb\",\"itemListElement\":[{\"@type\":\"ListItem\",\"position\":1,\"name\":\"Startseite\",\"item\":\"https:\\\/\\\/www.ggs-walheim.de\\\/\"},{\"@type\":\"ListItem\",\"position\":2,\"name\":\"Schulsozialarbeit\"}]},{\"@type\":\"WebSite\",\"@id\":\"https:\\\/\\\/www.ggs-walheim.de\\\/#website\",\"url\":\"https:\\\/\\\/www.ggs-walheim.de\\\/\",\"name\":\"GGS Walheim\",\"description\":\"Zu Hause im Aachener S\u00fcden\",\"publisher\":{\"@id\":\"https:\\\/\\\/www.ggs-walheim.de\\\/#organization\"},\"potentialAction\":[{\"@type\":\"SearchAction\",\"target\":{\"@type\":\"EntryPoint\",\"urlTemplate\":\"https:\\\/\\\/www.ggs-walheim.de\\\/?s={search_term_string}\"},\"query-input\":{\"@type\":\"PropertyValueSpecification\",\"valueRequired\":true,\"valueName\":\"search_term_string\"}}],\"inLanguage\":\"de\"},{\"@type\":\"Organization\",\"@id\":\"https:\\\/\\\/www.ggs-walheim.de\\\/#organization\",\"name\":\"St\u00e4dtische Gemeinschaftsgrundschule Walheim\",\"url\":\"https:\\\/\\\/www.ggs-walheim.de\\\/\",\"logo\":{\"@type\":\"ImageObject\",\"inLanguage\":\"de\",\"@id\":\"https:\\\/\\\/www.ggs-walheim.de\\\/#\\\/schema\\\/logo\\\/image\\\/\",\"url\":\"https:\\\/\\\/www.ggs-walheim.de\\\/wp-content\\\/uploads\\\/2020\\\/10\\\/logo-ggs.png\",\"contentUrl\":\"https:\\\/\\\/www.ggs-walheim.de\\\/wp-content\\\/uploads\\\/2020\\\/10\\\/logo-ggs.png\",\"width\":1363,\"height\":1363,\"caption\":\"St\u00e4dtische Gemeinschaftsgrundschule Walheim\"},\"image\":{\"@id\":\"https:\\\/\\\/www.ggs-walheim.de\\\/#\\\/schema\\\/logo\\\/image\\\/\"}}]}<\/script>\n<!-- \/ Yoast SEO plugin. -->","yoast_head_json":{"title":"Schulsozialarbeit - GGS Walheim","robots":{"index":"index","follow":"follow","max-snippet":"max-snippet:-1","max-image-preview":"max-image-preview:large","max-video-preview":"max-video-preview:-1"},"canonical":"https:\/\/www.ggs-walheim.de\/index.php\/schulsozialarbeit\/","og_locale":"de_DE","og_type":"article","og_title":"Schulsozialarbeit - GGS Walheim","og_description":"Seit Beginn des Schuljahres 2020 \/ 2021 haben wir mit Linda Walber eine Schulsozialarbeiterin im Team. Als Schulsozialarbeiterin ist sie Ansprechpartnerin f\u00fcr Sch\u00fclerInnen, Eltern und&hellip;","og_url":"https:\/\/www.ggs-walheim.de\/index.php\/schulsozialarbeit\/","og_site_name":"GGS Walheim","article_modified_time":"2021-08-25T16:22:14+00:00","og_image":[{"url":"https:\/\/www.ggs-walheim.de\/wp-content\/uploads\/2020\/11\/schulsozialarbeiterin-ggs-walheim.jpg","type":"","width":"","height":""}],"twitter_card":"summary_large_image","twitter_misc":{"Gesch\u00e4tzte Lesezeit":"2\u00a0Minuten"},"schema":{"@context":"https:\/\/schema.org","@graph":[{"@type":"WebPage","@id":"https:\/\/www.ggs-walheim.de\/index.php\/schulsozialarbeit\/","url":"https:\/\/www.ggs-walheim.de\/index.php\/schulsozialarbeit\/","name":"Schulsozialarbeit - GGS Walheim","isPartOf":{"@id":"https:\/\/www.ggs-walheim.de\/#website"},"primaryImageOfPage":{"@id":"https:\/\/www.ggs-walheim.de\/index.php\/schulsozialarbeit\/#primaryimage"},"image":{"@id":"https:\/\/www.ggs-walheim.de\/index.php\/schulsozialarbeit\/#primaryimage"},"thumbnailUrl":"https:\/\/www.ggs-walheim.de\/wp-content\/uploads\/2020\/11\/schulsozialarbeiterin-ggs-walheim.jpg","datePublished":"2021-08-25T16:11:04+00:00","dateModified":"2021-08-25T16:22:14+00:00","breadcrumb":{"@id":"https:\/\/www.ggs-walheim.de\/index.php\/schulsozialarbeit\/#breadcrumb"},"inLanguage":"de","potentialAction":[{"@type":"ReadAction","target":["https:\/\/www.ggs-walheim.de\/index.php\/schulsozialarbeit\/"]}]},{"@type":"ImageObject","inLanguage":"de","@id":"https:\/\/www.ggs-walheim.de\/index.php\/schulsozialarbeit\/#primaryimage","url":"https:\/\/www.ggs-walheim.de\/wp-content\/uploads\/2020\/11\/schulsozialarbeiterin-ggs-walheim.jpg","contentUrl":"https:\/\/www.ggs-walheim.de\/wp-content\/uploads\/2020\/11\/schulsozialarbeiterin-ggs-walheim.jpg","width":1024,"height":768,"caption":"Schulsozialarbeiterin GGS Walheim"},{"@type":"BreadcrumbList","@id":"https:\/\/www.ggs-walheim.de\/index.php\/schulsozialarbeit\/#breadcrumb","itemListElement":[{"@type":"ListItem","position":1,"name":"Startseite","item":"https:\/\/www.ggs-walheim.de\/"},{"@type":"ListItem","position":2,"name":"Schulsozialarbeit"}]},{"@type":"WebSite","@id":"https:\/\/www.ggs-walheim.de\/#website","url":"https:\/\/www.ggs-walheim.de\/","name":"GGS Walheim","description":"Zu Hause im Aachener S\u00fcden","publisher":{"@id":"https:\/\/www.ggs-walheim.de\/#organization"},"potentialAction":[{"@type":"SearchAction","target":{"@type":"EntryPoint","urlTemplate":"https:\/\/www.ggs-walheim.de\/?s={search_term_string}"},"query-input":{"@type":"PropertyValueSpecification","valueRequired":true,"valueName":"search_term_string"}}],"inLanguage":"de"},{"@type":"Organization","@id":"https:\/\/www.ggs-walheim.de\/#organization","name":"St\u00e4dtische Gemeinschaftsgrundschule Walheim","url":"https:\/\/www.ggs-walheim.de\/","logo":{"@type":"ImageObject","inLanguage":"de","@id":"https:\/\/www.ggs-walheim.de\/#\/schema\/logo\/image\/","url":"https:\/\/www.ggs-walheim.de\/wp-content\/uploads\/2020\/10\/logo-ggs.png","contentUrl":"https:\/\/www.ggs-walheim.de\/wp-content\/uploads\/2020\/10\/logo-ggs.png","width":1363,"height":1363,"caption":"St\u00e4dtische Gemeinschaftsgrundschule Walheim"},"image":{"@id":"https:\/\/www.ggs-walheim.de\/#\/schema\/logo\/image\/"}}]}},"_links":{"self":[{"href":"https:\/\/www.ggs-walheim.de\/index.php\/wp-json\/wp\/v2\/pages\/1716","targetHints":{"allow":["GET"]}}],"collection":[{"href":"https:\/\/www.ggs-walheim.de\/index.php\/wp-json\/wp\/v2\/pages"}],"about":[{"href":"https:\/\/www.ggs-walheim.de\/index.php\/wp-json\/wp\/v2\/types\/page"}],"author":[{"embeddable":true,"href":"https:\/\/www.ggs-walheim.de\/index.php\/wp-json\/wp\/v2\/users\/1"}],"replies":[{"embeddable":true,"href":"https:\/\/www.ggs-walheim.de\/index.php\/wp-json\/wp\/v2\/comments?post=1716"}],"version-history":[{"count":10,"href":"https:\/\/www.ggs-walheim.de\/index.php\/wp-json\/wp\/v2\/pages\/1716\/revisions"}],"predecessor-version":[{"id":1731,"href":"https:\/\/www.ggs-walheim.de\/index.php\/wp-json\/wp\/v2\/pages\/1716\/revisions\/1731"}],"wp:attachment":[{"href":"https:\/\/www.ggs-walheim.de\/index.php\/wp-json\/wp\/v2\/media?parent=1716"}],"curies":[{"name":"wp","href":"https:\/\/api.w.org\/{rel}","templated":true}]}}