{"id":1377,"date":"2021-06-22T12:11:58","date_gmt":"2021-06-22T10:11:58","guid":{"rendered":"https:\/\/www.ggs-walheim.de\/?page_id=1377"},"modified":"2023-08-31T15:02:02","modified_gmt":"2023-08-31T13:02:02","slug":"medien","status":"publish","type":"page","link":"https:\/\/www.ggs-walheim.de\/index.php\/medien\/","title":{"rendered":"Mediennutzung"},"content":{"rendered":"\n<p>Die Mediennutzung sorgt sicherlich nicht nur zu Hause oftmals f\u00fcr Fragezeichen, Diskussionen und Streit. Was darf mein Kind schauen und was nicht? Welche (Lern-)Apps sind empfehlenswert und wo bekomme ich sie her? Wie lange pro Tag ist die Nutzung sinnvoll? Welche Ger\u00e4te eignen sich? Wie kann ich mein Kind im Netz vor Gefahren (Cybermobbing, Werbung \/ Spam, In-App-K\u00e4ufe etc.) sch\u00fctzen?<\/p>\n\n\n\n<p>Dies sind nur einige von vielen Fragen, die sich in der immer weiter verbreitenden Mediennutzung auch schon f\u00fcr Kinder im Grundschulalter ergeben. Wir m\u00f6chten Ihnen deshalb an dieser Stelle einige Seiten empfehlen, bei denen Sie sich zu diesen Themen informieren k\u00f6nnen.<\/p>\n\n\n\n<p><strong>klicksafe.de &#8211; Die EU-Initiative f\u00fcr mehr Sicherheit im Netz<\/strong><br>Seit 2004 setzt klicksafe in Deutschland den Auftrag der EU-Kommission um, Internetnutzern die kompetente und kritische Nutzung von Internet und Neuen Medien zu vermitteln.<\/p>\n\n\n\n<figure class=\"wp-block-image size-large is-resized\"><a href=\"https:\/\/www.klicksafe.de\/eltern\/\" target=\"_blank\" rel=\"noopener\"><img loading=\"lazy\" decoding=\"async\" src=\"https:\/\/www.ggs-walheim.de\/wp-content\/uploads\/2021\/06\/klicksafe_Logo_RGB_transparent.png\" alt=\"\" class=\"wp-image-1618\" style=\"width:275px;height:162px\" width=\"275\" height=\"162\"\/><\/a><\/figure>\n\n\n\n<p><strong>Internet-ABC<\/strong><br>Die unabh\u00e4ngige Plattform bietet Informationen \u00fcber den sicheren Umgang mit dem Internet f\u00fcr Eltern, P\u00e4dagogen und Kinder.<\/p>\n\n\n\n<figure class=\"wp-block-image size-large is-resized\"><a href=\"https:\/\/www.internet-abc.de\/eltern\/internet-abc-fuer-eltern\/\" target=\"_blank\" rel=\"noopener\"><img loading=\"lazy\" decoding=\"async\" src=\"https:\/\/www.ggs-walheim.de\/wp-content\/uploads\/2021\/06\/iABC_Logo_website_Eltern_2021.jpg\" alt=\"\" class=\"wp-image-1620\" style=\"width:211px;height:162px\" width=\"211\" height=\"162\" srcset=\"https:\/\/www.ggs-walheim.de\/wp-content\/uploads\/2021\/06\/iABC_Logo_website_Eltern_2021.jpg 897w, https:\/\/www.ggs-walheim.de\/wp-content\/uploads\/2021\/06\/iABC_Logo_website_Eltern_2021-300x230.jpg 300w, https:\/\/www.ggs-walheim.de\/wp-content\/uploads\/2021\/06\/iABC_Logo_website_Eltern_2021-800x613.jpg 800w\" sizes=\"auto, (max-width: 211px) 100vw, 211px\" \/><\/a><\/figure>\n\n\n\n<p><a href=\"https:\/\/www.klicksafe.de\/fileadmin\/media\/documents\/pdf\/Broschren_Ratgeber\/Rechercheratgeber.pdf\" target=\"_blank\" rel=\"noreferrer noopener\"><strong>Brosch\u00fcre &#8222;Richtig suchen im Internet&#8220;<\/strong><\/a><\/p>\n\n\n\n<p><a href=\"https:\/\/www.mediennutzungsvertrag.de\/\" target=\"_blank\" rel=\"noreferrer noopener\"><strong>Mediennutzungsvertrag<\/strong><\/a><\/p>\n\n\n\n<p>Es gibt nicht nur Google, sondern auch spezielle Kindersuchmaschinen. Hier werden Kinder normalerweise nur auf Seiten weitergeleitet, die f\u00fcr sie auch geeignet sind. Die drei bekanntesten Suchmaschinen haben wir hier f\u00fcr Sie verlinkt.<\/p>\n\n\n\n<figure class=\"wp-block-image size-large is-resized\"><a href=\"https:\/\/www.blinde-kuh.de\/index.html\" target=\"_blank\" rel=\"noopener\"><img loading=\"lazy\" decoding=\"async\" src=\"https:\/\/www.ggs-walheim.de\/wp-content\/uploads\/2021\/06\/bklogo-v1-b500-rgb.png\" alt=\"\" class=\"wp-image-1622\" style=\"width:297px;height:152px\" width=\"297\" height=\"152\" srcset=\"https:\/\/www.ggs-walheim.de\/wp-content\/uploads\/2021\/06\/bklogo-v1-b500-rgb.png 500w, https:\/\/www.ggs-walheim.de\/wp-content\/uploads\/2021\/06\/bklogo-v1-b500-rgb-300x153.png 300w\" sizes=\"auto, (max-width: 297px) 100vw, 297px\" \/><\/a><\/figure>\n\n\n\n<figure class=\"wp-block-image size-large is-resized\"><a href=\"https:\/\/www.fragfinn.de\/\" target=\"_blank\" rel=\"noopener\"><img loading=\"lazy\" decoding=\"async\" src=\"https:\/\/www.ggs-walheim.de\/wp-content\/uploads\/2021\/06\/fragfinn.png\" alt=\"\" class=\"wp-image-1624\" style=\"width:433px;height:82px\" width=\"433\" height=\"82\" srcset=\"https:\/\/www.ggs-walheim.de\/wp-content\/uploads\/2021\/06\/fragfinn.png 516w, https:\/\/www.ggs-walheim.de\/wp-content\/uploads\/2021\/06\/fragfinn-300x57.png 300w\" sizes=\"auto, (max-width: 433px) 100vw, 433px\" \/><\/a><\/figure>\n\n\n\n<figure class=\"wp-block-image size-large is-resized\"><a href=\"https:\/\/www.helles-koepfchen.de\/\" target=\"_blank\" rel=\"noopener\"><img loading=\"lazy\" decoding=\"async\" src=\"https:\/\/www.ggs-walheim.de\/wp-content\/uploads\/2021\/06\/Helles_Koepfchen_Logo-1.png\" alt=\"\" class=\"wp-image-1626\" style=\"width:445px;height:92px\" width=\"445\" height=\"92\" srcset=\"https:\/\/www.ggs-walheim.de\/wp-content\/uploads\/2021\/06\/Helles_Koepfchen_Logo-1.png 1000w, https:\/\/www.ggs-walheim.de\/wp-content\/uploads\/2021\/06\/Helles_Koepfchen_Logo-1-300x62.png 300w, https:\/\/www.ggs-walheim.de\/wp-content\/uploads\/2021\/06\/Helles_Koepfchen_Logo-1-800x166.png 800w\" sizes=\"auto, (max-width: 445px) 100vw, 445px\" \/><\/a><\/figure>\n\n\n\n<p><\/p>\n","protected":false},"excerpt":{"rendered":"<p>Die Mediennutzung sorgt sicherlich nicht nur zu Hause oftmals f\u00fcr Fragezeichen, Diskussionen und Streit. Was darf mein Kind schauen und was nicht? Welche (Lern-)Apps sind&hellip;<\/p>\n","protected":false},"author":1,"featured_media":0,"parent":0,"menu_order":0,"comment_status":"closed","ping_status":"closed","template":"","meta":{"ngg_post_thumbnail":0,"_FSMCFIC_featured_image_caption":"","_FSMCFIC_featured_image_nocaption":"","_FSMCFIC_featured_image_hide":"","footnotes":""},"class_list":["post-1377","page","type-page","status-publish","hentry"],"yoast_head":"<!-- This site is optimized with the Yoast SEO plugin v27.3 - https:\/\/yoast.com\/product\/yoast-seo-wordpress\/ -->\n<title>Mediennutzung - GGS Walheim<\/title>\n<meta name=\"robots\" content=\"index, follow, max-snippet:-1, max-image-preview:large, max-video-preview:-1\" \/>\n<link rel=\"canonical\" href=\"https:\/\/www.ggs-walheim.de\/index.php\/medien\/\" \/>\n<meta property=\"og:locale\" content=\"de_DE\" \/>\n<meta property=\"og:type\" content=\"article\" \/>\n<meta property=\"og:title\" content=\"Mediennutzung - GGS Walheim\" \/>\n<meta property=\"og:description\" content=\"Die Mediennutzung sorgt sicherlich nicht nur zu Hause oftmals f\u00fcr Fragezeichen, Diskussionen und Streit. Was darf mein Kind schauen und was nicht? Welche (Lern-)Apps sind&hellip;\" \/>\n<meta property=\"og:url\" content=\"https:\/\/www.ggs-walheim.de\/index.php\/medien\/\" \/>\n<meta property=\"og:site_name\" content=\"GGS Walheim\" \/>\n<meta property=\"article:modified_time\" content=\"2023-08-31T13:02:02+00:00\" \/>\n<meta property=\"og:image\" content=\"https:\/\/www.ggs-walheim.de\/wp-content\/uploads\/2021\/06\/klicksafe_Logo_RGB_transparent.png\" \/>\n<meta name=\"twitter:card\" content=\"summary_large_image\" \/>\n<meta name=\"twitter:label1\" content=\"Gesch\u00e4tzte Lesezeit\" \/>\n\t<meta name=\"twitter:data1\" content=\"3\u00a0Minuten\" \/>\n<script type=\"application\/ld+json\" class=\"yoast-schema-graph\">{\"@context\":\"https:\\\/\\\/schema.org\",\"@graph\":[{\"@type\":\"WebPage\",\"@id\":\"https:\\\/\\\/www.ggs-walheim.de\\\/index.php\\\/medien\\\/\",\"url\":\"https:\\\/\\\/www.ggs-walheim.de\\\/index.php\\\/medien\\\/\",\"name\":\"Mediennutzung - GGS Walheim\",\"isPartOf\":{\"@id\":\"https:\\\/\\\/www.ggs-walheim.de\\\/#website\"},\"primaryImageOfPage\":{\"@id\":\"https:\\\/\\\/www.ggs-walheim.de\\\/index.php\\\/medien\\\/#primaryimage\"},\"image\":{\"@id\":\"https:\\\/\\\/www.ggs-walheim.de\\\/index.php\\\/medien\\\/#primaryimage\"},\"thumbnailUrl\":\"https:\\\/\\\/www.ggs-walheim.de\\\/wp-content\\\/uploads\\\/2021\\\/06\\\/klicksafe_Logo_RGB_transparent.png\",\"datePublished\":\"2021-06-22T10:11:58+00:00\",\"dateModified\":\"2023-08-31T13:02:02+00:00\",\"breadcrumb\":{\"@id\":\"https:\\\/\\\/www.ggs-walheim.de\\\/index.php\\\/medien\\\/#breadcrumb\"},\"inLanguage\":\"de\",\"potentialAction\":[{\"@type\":\"ReadAction\",\"target\":[\"https:\\\/\\\/www.ggs-walheim.de\\\/index.php\\\/medien\\\/\"]}]},{\"@type\":\"ImageObject\",\"inLanguage\":\"de\",\"@id\":\"https:\\\/\\\/www.ggs-walheim.de\\\/index.php\\\/medien\\\/#primaryimage\",\"url\":\"https:\\\/\\\/www.ggs-walheim.de\\\/wp-content\\\/uploads\\\/2021\\\/06\\\/klicksafe_Logo_RGB_transparent.png\",\"contentUrl\":\"https:\\\/\\\/www.ggs-walheim.de\\\/wp-content\\\/uploads\\\/2021\\\/06\\\/klicksafe_Logo_RGB_transparent.png\",\"width\":515,\"height\":300},{\"@type\":\"BreadcrumbList\",\"@id\":\"https:\\\/\\\/www.ggs-walheim.de\\\/index.php\\\/medien\\\/#breadcrumb\",\"itemListElement\":[{\"@type\":\"ListItem\",\"position\":1,\"name\":\"Startseite\",\"item\":\"https:\\\/\\\/www.ggs-walheim.de\\\/\"},{\"@type\":\"ListItem\",\"position\":2,\"name\":\"Mediennutzung\"}]},{\"@type\":\"WebSite\",\"@id\":\"https:\\\/\\\/www.ggs-walheim.de\\\/#website\",\"url\":\"https:\\\/\\\/www.ggs-walheim.de\\\/\",\"name\":\"GGS Walheim\",\"description\":\"Zu Hause im Aachener S\u00fcden\",\"publisher\":{\"@id\":\"https:\\\/\\\/www.ggs-walheim.de\\\/#organization\"},\"potentialAction\":[{\"@type\":\"SearchAction\",\"target\":{\"@type\":\"EntryPoint\",\"urlTemplate\":\"https:\\\/\\\/www.ggs-walheim.de\\\/?s={search_term_string}\"},\"query-input\":{\"@type\":\"PropertyValueSpecification\",\"valueRequired\":true,\"valueName\":\"search_term_string\"}}],\"inLanguage\":\"de\"},{\"@type\":\"Organization\",\"@id\":\"https:\\\/\\\/www.ggs-walheim.de\\\/#organization\",\"name\":\"St\u00e4dtische Gemeinschaftsgrundschule Walheim\",\"url\":\"https:\\\/\\\/www.ggs-walheim.de\\\/\",\"logo\":{\"@type\":\"ImageObject\",\"inLanguage\":\"de\",\"@id\":\"https:\\\/\\\/www.ggs-walheim.de\\\/#\\\/schema\\\/logo\\\/image\\\/\",\"url\":\"https:\\\/\\\/www.ggs-walheim.de\\\/wp-content\\\/uploads\\\/2020\\\/10\\\/logo-ggs.png\",\"contentUrl\":\"https:\\\/\\\/www.ggs-walheim.de\\\/wp-content\\\/uploads\\\/2020\\\/10\\\/logo-ggs.png\",\"width\":1363,\"height\":1363,\"caption\":\"St\u00e4dtische Gemeinschaftsgrundschule Walheim\"},\"image\":{\"@id\":\"https:\\\/\\\/www.ggs-walheim.de\\\/#\\\/schema\\\/logo\\\/image\\\/\"}}]}<\/script>\n<!-- \/ Yoast SEO plugin. -->","yoast_head_json":{"title":"Mediennutzung - GGS Walheim","robots":{"index":"index","follow":"follow","max-snippet":"max-snippet:-1","max-image-preview":"max-image-preview:large","max-video-preview":"max-video-preview:-1"},"canonical":"https:\/\/www.ggs-walheim.de\/index.php\/medien\/","og_locale":"de_DE","og_type":"article","og_title":"Mediennutzung - GGS Walheim","og_description":"Die Mediennutzung sorgt sicherlich nicht nur zu Hause oftmals f\u00fcr Fragezeichen, Diskussionen und Streit. Was darf mein Kind schauen und was nicht? Welche (Lern-)Apps sind&hellip;","og_url":"https:\/\/www.ggs-walheim.de\/index.php\/medien\/","og_site_name":"GGS Walheim","article_modified_time":"2023-08-31T13:02:02+00:00","og_image":[{"url":"https:\/\/www.ggs-walheim.de\/wp-content\/uploads\/2021\/06\/klicksafe_Logo_RGB_transparent.png","type":"","width":"","height":""}],"twitter_card":"summary_large_image","twitter_misc":{"Gesch\u00e4tzte Lesezeit":"3\u00a0Minuten"},"schema":{"@context":"https:\/\/schema.org","@graph":[{"@type":"WebPage","@id":"https:\/\/www.ggs-walheim.de\/index.php\/medien\/","url":"https:\/\/www.ggs-walheim.de\/index.php\/medien\/","name":"Mediennutzung - GGS Walheim","isPartOf":{"@id":"https:\/\/www.ggs-walheim.de\/#website"},"primaryImageOfPage":{"@id":"https:\/\/www.ggs-walheim.de\/index.php\/medien\/#primaryimage"},"image":{"@id":"https:\/\/www.ggs-walheim.de\/index.php\/medien\/#primaryimage"},"thumbnailUrl":"https:\/\/www.ggs-walheim.de\/wp-content\/uploads\/2021\/06\/klicksafe_Logo_RGB_transparent.png","datePublished":"2021-06-22T10:11:58+00:00","dateModified":"2023-08-31T13:02:02+00:00","breadcrumb":{"@id":"https:\/\/www.ggs-walheim.de\/index.php\/medien\/#breadcrumb"},"inLanguage":"de","potentialAction":[{"@type":"ReadAction","target":["https:\/\/www.ggs-walheim.de\/index.php\/medien\/"]}]},{"@type":"ImageObject","inLanguage":"de","@id":"https:\/\/www.ggs-walheim.de\/index.php\/medien\/#primaryimage","url":"https:\/\/www.ggs-walheim.de\/wp-content\/uploads\/2021\/06\/klicksafe_Logo_RGB_transparent.png","contentUrl":"https:\/\/www.ggs-walheim.de\/wp-content\/uploads\/2021\/06\/klicksafe_Logo_RGB_transparent.png","width":515,"height":300},{"@type":"BreadcrumbList","@id":"https:\/\/www.ggs-walheim.de\/index.php\/medien\/#breadcrumb","itemListElement":[{"@type":"ListItem","position":1,"name":"Startseite","item":"https:\/\/www.ggs-walheim.de\/"},{"@type":"ListItem","position":2,"name":"Mediennutzung"}]},{"@type":"WebSite","@id":"https:\/\/www.ggs-walheim.de\/#website","url":"https:\/\/www.ggs-walheim.de\/","name":"GGS Walheim","description":"Zu Hause im Aachener S\u00fcden","publisher":{"@id":"https:\/\/www.ggs-walheim.de\/#organization"},"potentialAction":[{"@type":"SearchAction","target":{"@type":"EntryPoint","urlTemplate":"https:\/\/www.ggs-walheim.de\/?s={search_term_string}"},"query-input":{"@type":"PropertyValueSpecification","valueRequired":true,"valueName":"search_term_string"}}],"inLanguage":"de"},{"@type":"Organization","@id":"https:\/\/www.ggs-walheim.de\/#organization","name":"St\u00e4dtische Gemeinschaftsgrundschule Walheim","url":"https:\/\/www.ggs-walheim.de\/","logo":{"@type":"ImageObject","inLanguage":"de","@id":"https:\/\/www.ggs-walheim.de\/#\/schema\/logo\/image\/","url":"https:\/\/www.ggs-walheim.de\/wp-content\/uploads\/2020\/10\/logo-ggs.png","contentUrl":"https:\/\/www.ggs-walheim.de\/wp-content\/uploads\/2020\/10\/logo-ggs.png","width":1363,"height":1363,"caption":"St\u00e4dtische Gemeinschaftsgrundschule Walheim"},"image":{"@id":"https:\/\/www.ggs-walheim.de\/#\/schema\/logo\/image\/"}}]}},"_links":{"self":[{"href":"https:\/\/www.ggs-walheim.de\/index.php\/wp-json\/wp\/v2\/pages\/1377","targetHints":{"allow":["GET"]}}],"collection":[{"href":"https:\/\/www.ggs-walheim.de\/index.php\/wp-json\/wp\/v2\/pages"}],"about":[{"href":"https:\/\/www.ggs-walheim.de\/index.php\/wp-json\/wp\/v2\/types\/page"}],"author":[{"embeddable":true,"href":"https:\/\/www.ggs-walheim.de\/index.php\/wp-json\/wp\/v2\/users\/1"}],"replies":[{"embeddable":true,"href":"https:\/\/www.ggs-walheim.de\/index.php\/wp-json\/wp\/v2\/comments?post=1377"}],"version-history":[{"count":9,"href":"https:\/\/www.ggs-walheim.de\/index.php\/wp-json\/wp\/v2\/pages\/1377\/revisions"}],"predecessor-version":[{"id":2279,"href":"https:\/\/www.ggs-walheim.de\/index.php\/wp-json\/wp\/v2\/pages\/1377\/revisions\/2279"}],"wp:attachment":[{"href":"https:\/\/www.ggs-walheim.de\/index.php\/wp-json\/wp\/v2\/media?parent=1377"}],"curies":[{"name":"wp","href":"https:\/\/api.w.org\/{rel}","templated":true}]}}