{"id":1069,"date":"2020-10-29T21:53:18","date_gmt":"2020-10-29T21:53:18","guid":{"rendered":"https:\/\/www.ggs-walheim.de\/?page_id=1069"},"modified":"2021-04-23T09:40:30","modified_gmt":"2021-04-23T07:40:30","slug":"projekt-sicherer-hafen","status":"publish","type":"page","link":"https:\/\/www.ggs-walheim.de\/index.php\/projekt-sicherer-hafen\/","title":{"rendered":"Projekt &#8222;Sicherer Hafen&#8220;"},"content":{"rendered":"\n<figure class=\"wp-block-image size-large\"><img loading=\"lazy\" decoding=\"async\" width=\"1024\" height=\"629\" src=\"https:\/\/www.ggs-walheim.de\/wp-content\/uploads\/2020\/10\/sicherer-hafen.png\" alt=\"\" class=\"wp-image-1103\" srcset=\"https:\/\/www.ggs-walheim.de\/wp-content\/uploads\/2020\/10\/sicherer-hafen.png 1024w, https:\/\/www.ggs-walheim.de\/wp-content\/uploads\/2020\/10\/sicherer-hafen-300x184.png 300w, https:\/\/www.ggs-walheim.de\/wp-content\/uploads\/2020\/10\/sicherer-hafen-800x491.png 800w\" sizes=\"auto, (max-width: 1024px) 100vw, 1024px\" \/><\/figure>\n\n\n\n<p>Mit dem Projekt &#8222;Sicherer Hafen&#8220; (wir hatten an <a href=\"https:\/\/www.ggs-walheim.de\/index.php\/2020\/11\/04\/start-unseres-projekts-sicherer-hafen\/\">dieser Stelle<\/a> den Start angek\u00fcndigt; mittlerweile sind noch einige Partner hinzugekommen) m\u00f6chten wir unseren Kindern einen sichereren Schulweg erm\u00f6glichen. Erkennbar ist ein &#8222;sicherer Hafen&#8220; an dem oben abgebildeteten Symbol mit den gr\u00fcnen H\u00e4nden und unserem Schullogo.<\/p>\n\n\n\n<p>Es gibt verschiedene Situationen, in denen ein &#8222;sicherer Hafen&#8220; eine Hilfe sein kann: Ein Kind ist vom Fahrrad gefallen, ein Riemen des Ranzens ist gerissen, ein Kind hat Angst vor einem freilaufenden Hund oder m\u00f6chte wegen eines vergessenen Sportbeutels wieder nach Hause gehen, wo aber vielleicht niemand mehr anzutreffen ist. Aber auch ernstere Situationen &#8211; ein Kind f\u00fchlt sich verfolgt \/ bedroht oder hat sich verletzt &#8211; k\u00f6nnen immer passieren.<\/p>\n\n\n\n<p>In einer solchen Situation ist es mit Sicherheit nicht leicht, einen klaren Kopf zu bewahren und man ist als Kind vielleicht verzweifelt, orientierungs- und hilflos. \u00dcber kurze Wege k\u00f6nnen die Kinder gezielt Orte ansteuern, an denen sie Zuflucht finden und Hilfe bekommen. So sollen sie daf\u00fcr sensibilisiert werden, nicht wahllos mit wildfremden Leuten in Kontakt zu treten oder an jeder Haust\u00fcr zu klingeln (m\u00f6glicherweise vergeblich, weil niemand aufmacht). Von dort aus k\u00f6nnen die Eltern, die Schule oder (im besonderen Notfall) auch Polizei und Rettungsdienst gerufen werden. Manchmal reicht vielleicht auch einfach nur ein Pflaster oder ein Glas Wasser.<\/p>\n\n\n\n<p>Unser Projekt ist au\u00dferdem ein Schritt zur Selbstst\u00e4ndigkeit der Kinder. Die Kinder sollen alleine (bzw. am besten immer in kleinen Gruppen) zur Schule (und nach Hause) gehen und nicht, wie jetzt noch oft, bis zur Schulgrenze gebracht werden, weil Eltern besorgt und verunsichert sind. F\u00fcr die Eltern k\u00f6nnen diese sicheren H\u00e4fen eine Beruhigung sein.<\/p>\n\n\n\n<p>Folgende Partner nehmen bisher an unserem Projekt teil:<\/p>\n\n\n\n<ul class=\"wp-block-list\"><li>Caf\u00e9 M\u00fcller (Pr\u00e4mienstr. 33 und Hochhausring 2) &#8211; bereits vor 8 Uhr<\/li><li>Aral-Station Sieberichs (Schleidener Str. 152) &#8211; bereits vor 8 Uhr<\/li><li>B\u00e4ckerei Moss (Pr\u00e4mienstr. 9) &#8211; bereits vor 8 Uhr<\/li><li>Buchhandlung Lausberg (Pr\u00e4mienstr. 27)<\/li><li>Physiotherapie Bleeck (Senkestr. 45)<\/li><li>ASE Eischet Autoteile + Zubeh\u00f6r (Pr\u00e4mienstr. 78)<\/li><li>Frisurenzauber (Pr\u00e4mienstr. 50)<\/li><li>Marien-Apotheke (Pr\u00e4mienstr. 20)<\/li><li>Fleuresse Blumen (Pingsheimstr. 1)<\/li><li>Schreib- und B\u00fcrobedarf Frank Hecker \/ Postfiliale (Pr\u00e4mienstr. 15)<\/li><li>Spitzweg-Apotheke (Pr\u00e4mienstr. 25)<\/li><\/ul>\n\n\n\n<div class=\"wp-block-image\"><figure class=\"aligncenter size-large\"><img loading=\"lazy\" decoding=\"async\" width=\"449\" height=\"115\" src=\"https:\/\/www.ggs-walheim.de\/wp-content\/uploads\/2020\/11\/Huepgens-Elektroanlagen-Hausgeraete-Logo.png\" alt=\"\" class=\"wp-image-1140\" srcset=\"https:\/\/www.ggs-walheim.de\/wp-content\/uploads\/2020\/11\/Huepgens-Elektroanlagen-Hausgeraete-Logo.png 449w, https:\/\/www.ggs-walheim.de\/wp-content\/uploads\/2020\/11\/Huepgens-Elektroanlagen-Hausgeraete-Logo-300x77.png 300w\" sizes=\"auto, (max-width: 449px) 100vw, 449px\" \/><figcaption>H\u00fcpgens Elektroanlagen Hausger\u00e4te (Kirchberg 24)<\/figcaption><\/figure><\/div>\n\n\n\n<div class=\"wp-block-image\"><figure class=\"aligncenter size-large\"><img loading=\"lazy\" decoding=\"async\" width=\"449\" height=\"183\" src=\"https:\/\/www.ggs-walheim.de\/wp-content\/uploads\/2020\/11\/aixzente-aachen-logo-e1619163406528.png\" alt=\"Aixzente Aachen Logo\" class=\"wp-image-1130\"\/><figcaption>AIXZENTE Fliesenfachgesch\u00e4ft (Pr\u00e4mienstr. 21)<\/figcaption><\/figure><\/div>\n\n\n\n<div class=\"wp-block-image\"><figure class=\"aligncenter size-large\"><img loading=\"lazy\" decoding=\"async\" width=\"449\" height=\"294\" src=\"https:\/\/www.ggs-walheim.de\/wp-content\/uploads\/2021\/04\/aral-e1619163565480.png\" alt=\"aral\" class=\"wp-image-1568\"\/><figcaption>Aral-Station Gisela Sieberichs (Schleidener Str. 152)<\/figcaption><\/figure><\/div>\n\n\n\n<p>Haben Sie auch Interesse daran, bei unserem Projekt &#8222;Sicherer Hafen&#8220; teilzunehmen? Dann kontaktieren Sie uns per <a href=\"mailto:ggs.walheim@mail.aachen.de\">Email<\/a> oder nutzen Sie unser <a href=\"https:\/\/www.ggs-walheim.de\/index.php\/kontakt\/\">Kontaktformular<\/a>.<\/p>\n","protected":false},"excerpt":{"rendered":"<p>Mit dem Projekt &#8222;Sicherer Hafen&#8220; (wir hatten an dieser Stelle den Start angek\u00fcndigt; mittlerweile sind noch einige Partner hinzugekommen) m\u00f6chten wir unseren Kindern einen sichereren&hellip;<\/p>\n","protected":false},"author":1,"featured_media":0,"parent":0,"menu_order":0,"comment_status":"closed","ping_status":"closed","template":"","meta":{"ngg_post_thumbnail":0,"_FSMCFIC_featured_image_caption":"","_FSMCFIC_featured_image_nocaption":"","_FSMCFIC_featured_image_hide":"","footnotes":""},"class_list":["post-1069","page","type-page","status-publish","hentry"],"yoast_head":"<!-- This site is optimized with the Yoast SEO plugin v27.3 - https:\/\/yoast.com\/product\/yoast-seo-wordpress\/ -->\n<title>Projekt &quot;Sicherer Hafen&quot; - GGS Walheim<\/title>\n<meta name=\"robots\" content=\"index, follow, max-snippet:-1, max-image-preview:large, max-video-preview:-1\" \/>\n<link rel=\"canonical\" href=\"https:\/\/www.ggs-walheim.de\/index.php\/projekt-sicherer-hafen\/\" \/>\n<meta property=\"og:locale\" content=\"de_DE\" \/>\n<meta property=\"og:type\" content=\"article\" \/>\n<meta property=\"og:title\" content=\"Projekt &quot;Sicherer Hafen&quot; - GGS Walheim\" \/>\n<meta property=\"og:description\" content=\"Mit dem Projekt &#8222;Sicherer Hafen&#8220; (wir hatten an dieser Stelle den Start angek\u00fcndigt; mittlerweile sind noch einige Partner hinzugekommen) m\u00f6chten wir unseren Kindern einen sichereren&hellip;\" \/>\n<meta property=\"og:url\" content=\"https:\/\/www.ggs-walheim.de\/index.php\/projekt-sicherer-hafen\/\" \/>\n<meta property=\"og:site_name\" content=\"GGS Walheim\" \/>\n<meta property=\"article:modified_time\" content=\"2021-04-23T07:40:30+00:00\" \/>\n<meta property=\"og:image\" content=\"https:\/\/www.ggs-walheim.de\/wp-content\/uploads\/2020\/10\/sicherer-hafen.png\" \/>\n<meta name=\"twitter:card\" content=\"summary_large_image\" \/>\n<meta name=\"twitter:label1\" content=\"Gesch\u00e4tzte Lesezeit\" \/>\n\t<meta name=\"twitter:data1\" content=\"3\u00a0Minuten\" \/>\n<script type=\"application\/ld+json\" class=\"yoast-schema-graph\">{\"@context\":\"https:\\\/\\\/schema.org\",\"@graph\":[{\"@type\":\"WebPage\",\"@id\":\"https:\\\/\\\/www.ggs-walheim.de\\\/index.php\\\/projekt-sicherer-hafen\\\/\",\"url\":\"https:\\\/\\\/www.ggs-walheim.de\\\/index.php\\\/projekt-sicherer-hafen\\\/\",\"name\":\"Projekt \\\"Sicherer Hafen\\\" - GGS Walheim\",\"isPartOf\":{\"@id\":\"https:\\\/\\\/www.ggs-walheim.de\\\/#website\"},\"primaryImageOfPage\":{\"@id\":\"https:\\\/\\\/www.ggs-walheim.de\\\/index.php\\\/projekt-sicherer-hafen\\\/#primaryimage\"},\"image\":{\"@id\":\"https:\\\/\\\/www.ggs-walheim.de\\\/index.php\\\/projekt-sicherer-hafen\\\/#primaryimage\"},\"thumbnailUrl\":\"https:\\\/\\\/www.ggs-walheim.de\\\/wp-content\\\/uploads\\\/2020\\\/10\\\/sicherer-hafen.png\",\"datePublished\":\"2020-10-29T21:53:18+00:00\",\"dateModified\":\"2021-04-23T07:40:30+00:00\",\"breadcrumb\":{\"@id\":\"https:\\\/\\\/www.ggs-walheim.de\\\/index.php\\\/projekt-sicherer-hafen\\\/#breadcrumb\"},\"inLanguage\":\"de\",\"potentialAction\":[{\"@type\":\"ReadAction\",\"target\":[\"https:\\\/\\\/www.ggs-walheim.de\\\/index.php\\\/projekt-sicherer-hafen\\\/\"]}]},{\"@type\":\"ImageObject\",\"inLanguage\":\"de\",\"@id\":\"https:\\\/\\\/www.ggs-walheim.de\\\/index.php\\\/projekt-sicherer-hafen\\\/#primaryimage\",\"url\":\"https:\\\/\\\/www.ggs-walheim.de\\\/wp-content\\\/uploads\\\/2020\\\/10\\\/sicherer-hafen.png\",\"contentUrl\":\"https:\\\/\\\/www.ggs-walheim.de\\\/wp-content\\\/uploads\\\/2020\\\/10\\\/sicherer-hafen.png\",\"width\":1024,\"height\":629},{\"@type\":\"BreadcrumbList\",\"@id\":\"https:\\\/\\\/www.ggs-walheim.de\\\/index.php\\\/projekt-sicherer-hafen\\\/#breadcrumb\",\"itemListElement\":[{\"@type\":\"ListItem\",\"position\":1,\"name\":\"Startseite\",\"item\":\"https:\\\/\\\/www.ggs-walheim.de\\\/\"},{\"@type\":\"ListItem\",\"position\":2,\"name\":\"Projekt &#8222;Sicherer Hafen&#8220;\"}]},{\"@type\":\"WebSite\",\"@id\":\"https:\\\/\\\/www.ggs-walheim.de\\\/#website\",\"url\":\"https:\\\/\\\/www.ggs-walheim.de\\\/\",\"name\":\"GGS Walheim\",\"description\":\"Zu Hause im Aachener S\u00fcden\",\"publisher\":{\"@id\":\"https:\\\/\\\/www.ggs-walheim.de\\\/#organization\"},\"potentialAction\":[{\"@type\":\"SearchAction\",\"target\":{\"@type\":\"EntryPoint\",\"urlTemplate\":\"https:\\\/\\\/www.ggs-walheim.de\\\/?s={search_term_string}\"},\"query-input\":{\"@type\":\"PropertyValueSpecification\",\"valueRequired\":true,\"valueName\":\"search_term_string\"}}],\"inLanguage\":\"de\"},{\"@type\":\"Organization\",\"@id\":\"https:\\\/\\\/www.ggs-walheim.de\\\/#organization\",\"name\":\"St\u00e4dtische Gemeinschaftsgrundschule Walheim\",\"url\":\"https:\\\/\\\/www.ggs-walheim.de\\\/\",\"logo\":{\"@type\":\"ImageObject\",\"inLanguage\":\"de\",\"@id\":\"https:\\\/\\\/www.ggs-walheim.de\\\/#\\\/schema\\\/logo\\\/image\\\/\",\"url\":\"https:\\\/\\\/www.ggs-walheim.de\\\/wp-content\\\/uploads\\\/2020\\\/10\\\/logo-ggs.png\",\"contentUrl\":\"https:\\\/\\\/www.ggs-walheim.de\\\/wp-content\\\/uploads\\\/2020\\\/10\\\/logo-ggs.png\",\"width\":1363,\"height\":1363,\"caption\":\"St\u00e4dtische Gemeinschaftsgrundschule Walheim\"},\"image\":{\"@id\":\"https:\\\/\\\/www.ggs-walheim.de\\\/#\\\/schema\\\/logo\\\/image\\\/\"}}]}<\/script>\n<!-- \/ Yoast SEO plugin. -->","yoast_head_json":{"title":"Projekt \"Sicherer Hafen\" - GGS Walheim","robots":{"index":"index","follow":"follow","max-snippet":"max-snippet:-1","max-image-preview":"max-image-preview:large","max-video-preview":"max-video-preview:-1"},"canonical":"https:\/\/www.ggs-walheim.de\/index.php\/projekt-sicherer-hafen\/","og_locale":"de_DE","og_type":"article","og_title":"Projekt \"Sicherer Hafen\" - GGS Walheim","og_description":"Mit dem Projekt &#8222;Sicherer Hafen&#8220; (wir hatten an dieser Stelle den Start angek\u00fcndigt; mittlerweile sind noch einige Partner hinzugekommen) m\u00f6chten wir unseren Kindern einen sichereren&hellip;","og_url":"https:\/\/www.ggs-walheim.de\/index.php\/projekt-sicherer-hafen\/","og_site_name":"GGS Walheim","article_modified_time":"2021-04-23T07:40:30+00:00","og_image":[{"url":"https:\/\/www.ggs-walheim.de\/wp-content\/uploads\/2020\/10\/sicherer-hafen.png","type":"","width":"","height":""}],"twitter_card":"summary_large_image","twitter_misc":{"Gesch\u00e4tzte Lesezeit":"3\u00a0Minuten"},"schema":{"@context":"https:\/\/schema.org","@graph":[{"@type":"WebPage","@id":"https:\/\/www.ggs-walheim.de\/index.php\/projekt-sicherer-hafen\/","url":"https:\/\/www.ggs-walheim.de\/index.php\/projekt-sicherer-hafen\/","name":"Projekt \"Sicherer Hafen\" - GGS Walheim","isPartOf":{"@id":"https:\/\/www.ggs-walheim.de\/#website"},"primaryImageOfPage":{"@id":"https:\/\/www.ggs-walheim.de\/index.php\/projekt-sicherer-hafen\/#primaryimage"},"image":{"@id":"https:\/\/www.ggs-walheim.de\/index.php\/projekt-sicherer-hafen\/#primaryimage"},"thumbnailUrl":"https:\/\/www.ggs-walheim.de\/wp-content\/uploads\/2020\/10\/sicherer-hafen.png","datePublished":"2020-10-29T21:53:18+00:00","dateModified":"2021-04-23T07:40:30+00:00","breadcrumb":{"@id":"https:\/\/www.ggs-walheim.de\/index.php\/projekt-sicherer-hafen\/#breadcrumb"},"inLanguage":"de","potentialAction":[{"@type":"ReadAction","target":["https:\/\/www.ggs-walheim.de\/index.php\/projekt-sicherer-hafen\/"]}]},{"@type":"ImageObject","inLanguage":"de","@id":"https:\/\/www.ggs-walheim.de\/index.php\/projekt-sicherer-hafen\/#primaryimage","url":"https:\/\/www.ggs-walheim.de\/wp-content\/uploads\/2020\/10\/sicherer-hafen.png","contentUrl":"https:\/\/www.ggs-walheim.de\/wp-content\/uploads\/2020\/10\/sicherer-hafen.png","width":1024,"height":629},{"@type":"BreadcrumbList","@id":"https:\/\/www.ggs-walheim.de\/index.php\/projekt-sicherer-hafen\/#breadcrumb","itemListElement":[{"@type":"ListItem","position":1,"name":"Startseite","item":"https:\/\/www.ggs-walheim.de\/"},{"@type":"ListItem","position":2,"name":"Projekt &#8222;Sicherer Hafen&#8220;"}]},{"@type":"WebSite","@id":"https:\/\/www.ggs-walheim.de\/#website","url":"https:\/\/www.ggs-walheim.de\/","name":"GGS Walheim","description":"Zu Hause im Aachener S\u00fcden","publisher":{"@id":"https:\/\/www.ggs-walheim.de\/#organization"},"potentialAction":[{"@type":"SearchAction","target":{"@type":"EntryPoint","urlTemplate":"https:\/\/www.ggs-walheim.de\/?s={search_term_string}"},"query-input":{"@type":"PropertyValueSpecification","valueRequired":true,"valueName":"search_term_string"}}],"inLanguage":"de"},{"@type":"Organization","@id":"https:\/\/www.ggs-walheim.de\/#organization","name":"St\u00e4dtische Gemeinschaftsgrundschule Walheim","url":"https:\/\/www.ggs-walheim.de\/","logo":{"@type":"ImageObject","inLanguage":"de","@id":"https:\/\/www.ggs-walheim.de\/#\/schema\/logo\/image\/","url":"https:\/\/www.ggs-walheim.de\/wp-content\/uploads\/2020\/10\/logo-ggs.png","contentUrl":"https:\/\/www.ggs-walheim.de\/wp-content\/uploads\/2020\/10\/logo-ggs.png","width":1363,"height":1363,"caption":"St\u00e4dtische Gemeinschaftsgrundschule Walheim"},"image":{"@id":"https:\/\/www.ggs-walheim.de\/#\/schema\/logo\/image\/"}}]}},"_links":{"self":[{"href":"https:\/\/www.ggs-walheim.de\/index.php\/wp-json\/wp\/v2\/pages\/1069","targetHints":{"allow":["GET"]}}],"collection":[{"href":"https:\/\/www.ggs-walheim.de\/index.php\/wp-json\/wp\/v2\/pages"}],"about":[{"href":"https:\/\/www.ggs-walheim.de\/index.php\/wp-json\/wp\/v2\/types\/page"}],"author":[{"embeddable":true,"href":"https:\/\/www.ggs-walheim.de\/index.php\/wp-json\/wp\/v2\/users\/1"}],"replies":[{"embeddable":true,"href":"https:\/\/www.ggs-walheim.de\/index.php\/wp-json\/wp\/v2\/comments?post=1069"}],"version-history":[{"count":24,"href":"https:\/\/www.ggs-walheim.de\/index.php\/wp-json\/wp\/v2\/pages\/1069\/revisions"}],"predecessor-version":[{"id":1571,"href":"https:\/\/www.ggs-walheim.de\/index.php\/wp-json\/wp\/v2\/pages\/1069\/revisions\/1571"}],"wp:attachment":[{"href":"https:\/\/www.ggs-walheim.de\/index.php\/wp-json\/wp\/v2\/media?parent=1069"}],"curies":[{"name":"wp","href":"https:\/\/api.w.org\/{rel}","templated":true}]}}